{"id":15083,"date":"2023-08-28T12:10:54","date_gmt":"2023-08-28T16:10:54","guid":{"rendered":"https:\/\/www.bscu.org\/?page_id=15083"},"modified":"2023-09-13T13:49:49","modified_gmt":"2023-09-13T17:49:49","slug":"early-pay","status":"publish","type":"page","link":"https:\/\/www.bscu.org\/es\/early-pay\/","title":{"rendered":"Pago anticipado"},"content":{"rendered":"<div class=\"wpb-content-wrapper\"><section data-parent=\"true\" class=\"vc_section style-color-xsdn-bg row-container with-parallax\" id=\"section-unique-0\"><div class=\"row-background background-element\">\n\t\t\t\t\t\t\t\t\t\t\t<div class=\"background-wrapper\">\n\t\t\t\t\t\t\t\t\t\t\t\t<div class=\"background-inner\" style=\"background-image: url(https:\/\/www.bscu.org\/wp-content\/uploads\/2023\/08\/early-pay-2023.jpg);background-repeat: no-repeat;background-position: center top;background-size: cover;\"><\/div>\n\t\t\t\t\t\t\t\t\t\t\t\t<div class=\"block-bg-overlay style-color-jevc-bg\" style=\"opacity: 0.57;\"><\/div>\n\t\t\t\t\t\t\t\t\t\t\t<\/div>\n\t\t\t\t\t\t\t\t\t\t<\/div><div class=\"row no-top-padding no-bottom-padding no-h-padding full-width row-parent\"><div data-parent=\"true\" class=\"vc_row vc_custom_1694626045900 row-container has-dividers\" style=\"padding-top: 20px ;padding-bottom: 20px ;\" id=\"row-unique-0\"><div class=\"uncode-divider-wrap uncode-divider-wrap-bottom z_index_0 uncode-row-divider-invert\" style=\"height: 100px;\" data-height=\"100\" data-unit=\"px\"><svg version=\"1.1\" class=\"uncode-row-divider uncode-row-divider-curve\" x=\"0px\" y=\"0px\" width=\"240px\" height=\"24px\" viewbox=\"0 0 240 24\" enable-background=\"new 0 0 240 24\" xml:space=\"preserve\" preserveaspectratio=\"none\">\n\t\t<path fill=\"#00475f\" fill-opacity=\"0.25\" d=\"M240,0H0v24l240-11.26V0z\"\/>\n\t\t<path fill=\"#00475f\" d=\"M0,0h240v12.74L0,0z\"\/>\n\t\t<path fill=\"#00475f\" fill-opacity=\"0.5\" d=\"M0,0h240v12.74H0V0z\"\/>\n\t\t<\/svg><\/div><div class=\"row unequal full-width row-parent\" data-height-ratio=\"25\" data-minheight=\"300\"><div class=\"wpb_row row-inner\"><div class=\"wpb_column pos-middle pos-center align_center align_center_mobile column_parent col-lg-12 col-sm-100 no-internal-gutter\"><div class=\"uncol style-light\"  ><div class=\"uncoltable\"><div class=\"uncell no-block-padding\" ><div class=\"uncont\" ><div id=\"ultimate-heading-515569e12cab0103f\" class=\"uvc-heading ult-adjust-bottom-margin ultimate-heading-515569e12cab0103f uvc-3862\" data-hspacer=\"no_spacer\"  data-halign=\"center\" style=\"text-align:center\"><div class=\"uvc-heading-spacer no_spacer\" style=\"top\"><\/div><div class=\"uvc-main-heading ult-responsive\"  data-ultimate-target='.uvc-heading.ultimate-heading-515569e12cab0103f h1'  data-responsive-json-new='{\"font-size\":\"desktop:40px;mobile:20px;\",\"line-height\":\"\"}' ><h1 style=\"font-weight:bold;color:#ffffff;\">Reciba su pago anticipadamente con BrightStar<\/h1><\/div><\/div><div class=\"ult-spacer spacer-69e12cab0107c\" data-id=\"69e12cab0107c\" data-height=\"10\" data-height-mobile=\"10\" data-height-tab=\"10\" data-height-tab-portrait=\"\" data-height-mobile-landscape=\"\" style=\"clear:both;display:block;\"><\/div><span class=\"btn-container\" ><a href=\"https:\/\/app.loanspq.com\/apply.aspx?enc=Kw21Wblm1yxpjJabdoZaD387N2JxsZCKo346rct2X6oksGgk0G9KDJQenA2LEXKLuXsUAgyalFZnecXQMBTewbYaWmo1ddfy0R_2Gujj3kEVXMDFVnDGz4tJ_q2WVhuV\" class=\"custom-link btn border-width-0 btn-heloc btn-accent btn-round btn-shadow btn-icon-left\" title=\"El enlace se abrir\u00e1 en una nueva pesta\u00f1a.\" target=\"_blank\" onclick=\"amplitude.getInstance().logEvent(&#039;Membership App - Early Pay Page&#039;);\"><i class=\"fa fa-wpforms\"><\/i>\u00bfA\u00fan no eres miembro? \u00danete<\/a><\/span>\n\t<div class=\"wpb_raw_code wpb_raw_html\" >\n\t\t<div class=\"wpb_wrapper\">\n\t\t\t<a href=\"#more\">\n<div class=\"scroll-container\">\n<div class=\"scroll-arrow\"><\/div>\n<div class=\"scroll-arrow\"><\/div>\n<div class=\"scroll-arrow\"><\/div>\n<\/div>\n<\/a>\n\t\t<\/div>\n\t<\/div>\n<\/div><\/div><\/div><\/div><\/div><script id=\"script-row-unique-0\" data-row=\"script-row-unique-0\" type=\"text\/javascript\" class=\"vc_controls\">UNCODE.initRow(document.getElementById(\"row-unique-0\"));<\/script><\/div><\/div><\/div><script id=\"script-section-unique-0\" data-section=\"script-section-unique-0\" type=\"text\/javascript\">UNCODE.initSection(document.getElementById(\"section-unique-0\"));<\/script><\/div><\/section><div data-parent=\"true\" class=\"vc_row style-color-772071-bg vc_custom_1694625999125 row-container onepage-section\" data-label=\"more\" data-name=\"more\" style=\"padding-top: 20px ;padding-bottom: 20px ;\" id=\"row-unique-1\"><div class=\"row limit-width row-parent\"><div class=\"wpb_row row-inner\"><div class=\"wpb_column pos-middle pos-center align_center column_parent col-lg-12 single-internal-gutter\"><div class=\"uncol style-light\"  ><div class=\"uncoltable\"><div class=\"uncell no-block-padding\" ><div class=\"uncont\" ><div class=\"uncode_text_column\" ><p><span style=\"color: #ffffff;\">Nos complace anunciar que ahora puedes <b style=\"color: #ffffff;\">cobrar m\u00e1s r\u00e1pido<\/b> \u00a1Con BrightStar! Si tiene dep\u00f3sitos directos de n\u00f3mina configurados por su empleador, ahora ver\u00e1 esos fondos registrados. <b style=\"color: #ffffff;\">hasta dos d\u00edas*<\/b> \u00a1Anticipado! Este beneficio te permite acceder a tu dinero ganado con tanto esfuerzo antes. Para aprovecharlo, configura<\/span><br \/>\n<span style=\"color: #ffffff;\">dep\u00f3sito directo usando su <a href=\"https:\/\/www.bscu.org\/es\/accountdetails\/\"><b style=\"color: #ffffff;\">N\u00famero de cuenta y ruta de BrightStar<\/b><\/a> con su empleador.<\/span><\/p>\n<\/div><span class=\"btn-container\" ><a href=\"https:\/\/www.bscu.org\/es\/accountdetails\/\" class=\"custom-link btn border-width-0 btn-heloc btn-color-xsdn btn-round btn-shadow btn-icon-left\" title=\"El enlace se abrir\u00e1 en una nueva pesta\u00f1a.\" target=\"_blank\" onclick=\"amplitude.getInstance().logEvent(&#039;Account Number Details - Early Pay Page&#039;);\"><i class=\"fa fa-bank\"><\/i>Encuentre su cuenta y n\u00fameros de ruta<\/a><\/span><div class=\"uncode_text_column\" ><\/p>\n<p style=\"text-align: left; font-size: 12px;\"><span style=\"color: #ffffff;\">*El acceso anticipado a los fondos no est\u00e1 garantizado y depende de la recepci\u00f3n del dep\u00f3sito directo del remitente.<\/span><\/p>\n<p>\n<\/div><\/div><\/div><\/div><\/div><\/div><script id=\"script-row-unique-1\" data-row=\"script-row-unique-1\" type=\"text\/javascript\" class=\"vc_controls\">UNCODE.initRow(document.getElementById(\"row-unique-1\"));<\/script><\/div><\/div><\/div>\n<\/div>","protected":false},"excerpt":{"rendered":"Reciba pagos anticipados con BrightStar. \u00bfA\u00fan no es miembro? \u00danase. Nos complace anunciar que ahora puede recibir pagos [...]","protected":false},"author":8,"featured_media":0,"parent":0,"menu_order":0,"comment_status":"closed","ping_status":"closed","template":"","meta":{"footnotes":""},"class_list":["post-15083","page","type-page","status-publish","hentry"],"yoast_head":"<!-- This site is optimized with the Yoast SEO Premium plugin v26.4 (Yoast SEO v26.4) - https:\/\/yoast.com\/wordpress\/plugins\/seo\/ -->\n<title>Early Pay - BrightStar Credit Union<\/title>\n<meta name=\"robots\" content=\"index, follow, max-snippet:-1, max-image-preview:large, max-video-preview:-1\" \/>\n<link rel=\"canonical\" href=\"https:\/\/www.bscu.org\/es\/early-pay\/\" \/>\n<meta property=\"og:locale\" content=\"es_ES\" \/>\n<meta property=\"og:type\" content=\"article\" \/>\n<meta property=\"og:title\" content=\"Early Pay\" \/>\n<meta property=\"og:url\" content=\"https:\/\/www.bscu.org\/es\/early-pay\/\" \/>\n<meta property=\"og:site_name\" content=\"BrightStar Credit Union\" \/>\n<meta property=\"article:publisher\" content=\"https:\/\/www.facebook.com\/BrightStarCU\/\" \/>\n<meta property=\"article:modified_time\" content=\"2023-09-13T17:49:49+00:00\" \/>\n<meta name=\"twitter:card\" content=\"summary_large_image\" \/>\n<meta name=\"twitter:label1\" content=\"Tiempo de lectura\" \/>\n\t<meta name=\"twitter:data1\" content=\"2 minutos\" \/>\n<script type=\"application\/ld+json\" class=\"yoast-schema-graph\">{\"@context\":\"https:\/\/schema.org\",\"@graph\":[{\"@type\":\"WebPage\",\"@id\":\"https:\/\/www.bscu.org\/early-pay\/\",\"url\":\"https:\/\/www.bscu.org\/early-pay\/\",\"name\":\"Early Pay - BrightStar Credit Union\",\"isPartOf\":{\"@id\":\"https:\/\/www.bscu.org\/#website\"},\"datePublished\":\"2023-08-28T16:10:54+00:00\",\"dateModified\":\"2023-09-13T17:49:49+00:00\",\"breadcrumb\":{\"@id\":\"https:\/\/www.bscu.org\/early-pay\/#breadcrumb\"},\"inLanguage\":\"es\",\"potentialAction\":[{\"@type\":\"ReadAction\",\"target\":[\"https:\/\/www.bscu.org\/early-pay\/\"]}]},{\"@type\":\"BreadcrumbList\",\"@id\":\"https:\/\/www.bscu.org\/early-pay\/#breadcrumb\",\"itemListElement\":[{\"@type\":\"ListItem\",\"position\":1,\"name\":\"Home\",\"item\":\"https:\/\/www.bscu.org\/\"},{\"@type\":\"ListItem\",\"position\":2,\"name\":\"Early Pay\"}]},{\"@type\":\"WebSite\",\"@id\":\"https:\/\/www.bscu.org\/#website\",\"url\":\"https:\/\/www.bscu.org\/\",\"name\":\"BrightStar Credit Union\",\"description\":\"Serving  Broward, Collier, Lee, Martin, Miami-Dade, Palm Beach or St. Lucie Counties, Florida.\",\"publisher\":{\"@id\":\"https:\/\/www.bscu.org\/#organization\"},\"potentialAction\":[{\"@type\":\"SearchAction\",\"target\":{\"@type\":\"EntryPoint\",\"urlTemplate\":\"https:\/\/www.bscu.org\/?s={search_term_string}\"},\"query-input\":{\"@type\":\"PropertyValueSpecification\",\"valueRequired\":true,\"valueName\":\"search_term_string\"}}],\"inLanguage\":\"es\"},{\"@type\":\"Organization\",\"@id\":\"https:\/\/www.bscu.org\/#organization\",\"name\":\"BrightStar Credit Union\",\"url\":\"https:\/\/www.bscu.org\/\",\"logo\":{\"@type\":\"ImageObject\",\"inLanguage\":\"es\",\"@id\":\"https:\/\/www.bscu.org\/#\/schema\/logo\/image\/\",\"url\":\"https:\/\/www.bscu.org\/wp-content\/uploads\/2016\/07\/logo-1.png\",\"contentUrl\":\"https:\/\/www.bscu.org\/wp-content\/uploads\/2016\/07\/logo-1.png\",\"width\":500,\"height\":214,\"caption\":\"BrightStar Credit Union\"},\"image\":{\"@id\":\"https:\/\/www.bscu.org\/#\/schema\/logo\/image\/\"},\"sameAs\":[\"https:\/\/www.facebook.com\/BrightStarCU\/\",\"https:\/\/www.instagram.com\/brightstar.creditunion\/\"]}]}<\/script>\n<!-- \/ Yoast SEO Premium plugin. -->","yoast_head_json":{"title":"Early Pay - BrightStar Credit Union","robots":{"index":"index","follow":"follow","max-snippet":"max-snippet:-1","max-image-preview":"max-image-preview:large","max-video-preview":"max-video-preview:-1"},"canonical":"https:\/\/www.bscu.org\/es\/early-pay\/","og_locale":"es_ES","og_type":"article","og_title":"Early Pay","og_url":"https:\/\/www.bscu.org\/es\/early-pay\/","og_site_name":"BrightStar Credit Union","article_publisher":"https:\/\/www.facebook.com\/BrightStarCU\/","article_modified_time":"2023-09-13T17:49:49+00:00","twitter_card":"summary_large_image","twitter_misc":{"Tiempo de lectura":"2 minutos"},"schema":{"@context":"https:\/\/schema.org","@graph":[{"@type":"WebPage","@id":"https:\/\/www.bscu.org\/early-pay\/","url":"https:\/\/www.bscu.org\/early-pay\/","name":"Early Pay - BrightStar Credit Union","isPartOf":{"@id":"https:\/\/www.bscu.org\/#website"},"datePublished":"2023-08-28T16:10:54+00:00","dateModified":"2023-09-13T17:49:49+00:00","breadcrumb":{"@id":"https:\/\/www.bscu.org\/early-pay\/#breadcrumb"},"inLanguage":"es","potentialAction":[{"@type":"ReadAction","target":["https:\/\/www.bscu.org\/early-pay\/"]}]},{"@type":"BreadcrumbList","@id":"https:\/\/www.bscu.org\/early-pay\/#breadcrumb","itemListElement":[{"@type":"ListItem","position":1,"name":"Home","item":"https:\/\/www.bscu.org\/"},{"@type":"ListItem","position":2,"name":"Early Pay"}]},{"@type":"WebSite","@id":"https:\/\/www.bscu.org\/#website","url":"https:\/\/www.bscu.org\/","name":"Cooperativa de cr\u00e9dito BrightStar","description":"Sirviendo a los condados de Broward, Collier, Lee, Martin, Miami-Dade, Palm Beach o St. Lucie, Florida.","publisher":{"@id":"https:\/\/www.bscu.org\/#organization"},"potentialAction":[{"@type":"SearchAction","target":{"@type":"EntryPoint","urlTemplate":"https:\/\/www.bscu.org\/?s={search_term_string}"},"query-input":{"@type":"PropertyValueSpecification","valueRequired":true,"valueName":"search_term_string"}}],"inLanguage":"es"},{"@type":"Organization","@id":"https:\/\/www.bscu.org\/#organization","name":"Cooperativa de cr\u00e9dito BrightStar","url":"https:\/\/www.bscu.org\/","logo":{"@type":"ImageObject","inLanguage":"es","@id":"https:\/\/www.bscu.org\/#\/schema\/logo\/image\/","url":"https:\/\/www.bscu.org\/wp-content\/uploads\/2016\/07\/logo-1.png","contentUrl":"https:\/\/www.bscu.org\/wp-content\/uploads\/2016\/07\/logo-1.png","width":500,"height":214,"caption":"BrightStar Credit Union"},"image":{"@id":"https:\/\/www.bscu.org\/#\/schema\/logo\/image\/"},"sameAs":["https:\/\/www.facebook.com\/BrightStarCU\/","https:\/\/www.instagram.com\/brightstar.creditunion\/"]}]}},"_links":{"self":[{"href":"https:\/\/www.bscu.org\/es\/wp-json\/wp\/v2\/pages\/15083","targetHints":{"allow":["GET"]}}],"collection":[{"href":"https:\/\/www.bscu.org\/es\/wp-json\/wp\/v2\/pages"}],"about":[{"href":"https:\/\/www.bscu.org\/es\/wp-json\/wp\/v2\/types\/page"}],"author":[{"embeddable":true,"href":"https:\/\/www.bscu.org\/es\/wp-json\/wp\/v2\/users\/8"}],"replies":[{"embeddable":true,"href":"https:\/\/www.bscu.org\/es\/wp-json\/wp\/v2\/comments?post=15083"}],"version-history":[{"count":3,"href":"https:\/\/www.bscu.org\/es\/wp-json\/wp\/v2\/pages\/15083\/revisions"}],"predecessor-version":[{"id":15156,"href":"https:\/\/www.bscu.org\/es\/wp-json\/wp\/v2\/pages\/15083\/revisions\/15156"}],"wp:attachment":[{"href":"https:\/\/www.bscu.org\/es\/wp-json\/wp\/v2\/media?parent=15083"}],"curies":[{"name":"wp","href":"https:\/\/api.w.org\/{rel}","templated":true}]}}