{"id":350,"date":"2016-08-18T15:40:30","date_gmt":"2016-08-18T15:40:30","guid":{"rendered":"http:\/\/192.185.79.221\/~bscu\/?page_id=350"},"modified":"2018-10-24T08:55:52","modified_gmt":"2018-10-24T13:55:52","slug":"phishing","status":"publish","type":"page","link":"https:\/\/www.bscu.org\/es\/fraudcenter\/phishing\/","title":{"rendered":"Suplantaci\u00f3n de identidad (phishing)"},"content":{"rendered":"<div class=\"wpb-content-wrapper\"><div data-parent=\"true\" class=\"vc_row row-container\" id=\"row-unique-0\"><div class=\"row limit-width row-parent\"><div class=\"wpb_row row-inner\"><div class=\"wpb_column pos-top pos-center align_left column_parent col-lg-12 single-internal-gutter\"><div class=\"uncol style-light\"  ><div class=\"uncoltable\"><div class=\"uncell  vc_custom_1469730998120 border-color-204383-color no-block-padding\" style=\"border-style: solid;border-bottom-width: 1px ;padding-bottom: 35px ;\" ><div class=\"uncont\" ><div class=\"vc_custom_heading_wrap\"><div class=\"heading-text el-text\" ><h1 class=\"h1\" ><span>Suplantaci\u00f3n de identidad (phishing)<\/span><\/h1><\/div><div class=\"clear\"><\/div><\/div><\/div><\/div><\/div><\/div><\/div><script id=\"script-row-unique-0\" data-row=\"script-row-unique-0\" type=\"text\/javascript\" class=\"vc_controls\">UNCODE.initRow(document.getElementById(\"row-unique-0\"));<\/script><\/div><\/div><\/div><div data-parent=\"true\" class=\"vc_row vc_custom_1471534651872 row-container\" style=\"margin-bottom: 50px ;\" id=\"row-unique-1\"><div class=\"row limit-width row-parent\"><div class=\"wpb_row row-inner\"><div class=\"wpb_column pos-top pos-center align_left column_parent col-lg-8 single-internal-gutter\"><div class=\"uncol style-light\"  ><div class=\"uncoltable\"><div class=\"uncell no-block-padding\" ><div class=\"uncont\" ><div class=\"uncode_text_column vc_custom_1476818735256\"  style=\"margin-top: 40px ;margin-bottom: 40px ;\"><p><img decoding=\"async\" style=\"width: 100%;\" src=\"https:\/\/www.bscu.org\/wp-content\/uploads\/2016\/07\/LargeImage_BSCU-Phishing.jpg\" \/><\/p>\n<\/div><div class=\"uncode_text_column vc_custom_1476818801382\"  style=\"margin-top: 25px ;margin-bottom: 25px ;\"><\/p>\n<p class=\"p1\"><span class=\"s1\">Muchas personas han sido enga\u00f1adas para divulgar su informaci\u00f3n personal por ladrones que se hacen pasar por empresas leg\u00edtimas o agencias gubernamentales. Este nuevo tipo de delincuente env\u00eda correos electr\u00f3nicos o cartas que parecen provenir de su Cooperativa de Cr\u00e9dito u otras fuentes confiables, como la Administraci\u00f3n Nacional de Cooperativas de Cr\u00e9dito. Los correos electr\u00f3nicos a menudo enfatizan la urgencia de &quot;actualizar&quot; su informaci\u00f3n personal, como n\u00fameros de tarjetas de cr\u00e9dito, informaci\u00f3n de cuenta corriente, n\u00fameros de Seguro Social, contrase\u00f1as, PIN, apellido de soltera de su madre y otra informaci\u00f3n confidencial. Los correos electr\u00f3nicos a menudo enlazan a sitios web fraudulentos para recopilar la informaci\u00f3n. Los mensajes y sitios web a menudo est\u00e1n camuflados con logotipos de apariencia aut\u00e9ntica o gr\u00e1ficos familiares. Debido a que la tecnolog\u00eda es tan sofisticada, muchos consumidores no tienen idea de que han sido v\u00edctimas hasta que es demasiado tarde. Los ladrones luego crean identidades completamente nuevas usando su informaci\u00f3n personal, dej\u00e1ndolo a usted pagar el precio.<\/span><\/p>\n<p class=\"p1\"><span class=\"s2\">BrightStar Credit Union nunca le enviar\u00e1 un correo electr\u00f3nico (ni una carta, ni lo llamar\u00e1) solicit\u00e1ndole informaci\u00f3n de su cuenta personal.<\/span><span class=\"s1\"> El \u00fanico lugar en l\u00ednea donde solicitamos esta informaci\u00f3n es en nuestro sitio web, <a href=\"https:\/\/www.bscu.org\/es\/\"><span class=\"s3\">www.bscu.org<\/span><\/a>\u2014donde puede iniciar sesi\u00f3n de forma segura en sus cuentas. As\u00ed que, si recibe un mensaje de &quot;phishing&quot; para obtener la informaci\u00f3n de su cuenta de la Cooperativa de Cr\u00e9dito, no lo haga. En su lugar, llame a la Cooperativa de Cr\u00e9dito para protegerse.<\/span><\/p>\n<p>\n<\/div><div class=\"uncode_text_column vc_custom_1515012494235\"  style=\"margin-top: 20px ;\"><\/p>\n<h3>C\u00f3mo protegerse<\/h3>\n<p>Si bien las estafas de phishing son cada vez m\u00e1s frecuentes, hay medidas que puede tomar para evitar ser v\u00edctima:<\/p>\n<ul>\n<li>Cualquier correo electr\u00f3nico con solicitudes urgentes de informaci\u00f3n financiera personal deber\u00eda ser una se\u00f1al de alerta. Muchos correos electr\u00f3nicos de estafadores incluyen lenguaje que busca incitarle a reaccionar de inmediato. Nunca ingrese su informaci\u00f3n financiera personal en un formulario en l\u00ednea, una ventana emergente en su computadora ni en un correo electr\u00f3nico no solicitado, por muy oficial que parezca, a menos que est\u00e9 seguro de su autenticidad.<\/li>\n<li>No utilice los enlaces de un correo electr\u00f3nico para acceder a ninguna p\u00e1gina web si sospecha que el mensaje podr\u00eda no ser aut\u00e9ntico. En su lugar, llame a la Cooperativa de Cr\u00e9dito (u otra empresa) por tel\u00e9fono o acceda directamente al sitio web escribiendo la direcci\u00f3n web de la Cooperativa de Cr\u00e9dito en su navegador.<\/li>\n<li>No rellene formularios en correos electr\u00f3nicos. Comunique informaci\u00f3n como n\u00fameros de tarjetas de cr\u00e9dito o informaci\u00f3n de cuenta \u00fanicamente a trav\u00e9s de un sitio web seguro o por tel\u00e9fono, y solo cuando usted inicie el contacto. Busque el icono del candado en la barra de estado del navegador y compruebe que la URL indique &quot;https&quot; en lugar de &quot;http&quot;.<\/li>\n<li>Revise peri\u00f3dicamente sus estados de cuenta corriente, de tarjeta de cr\u00e9dito y otros estados financieros para garantizar la legitimidad de todas las transacciones. Si encuentra algo sospechoso, comun\u00edquese con la Cooperativa de Cr\u00e9dito.<\/li>\n<li>Aseg\u00farese de que su navegador web est\u00e9 actualizado y de que tenga instalados los parches de seguridad correspondientes. Tambi\u00e9n le recomendamos instalar y actualizar su firewall, antivirus y antispyware en su ordenador. Cambie sus contrase\u00f1as con regularidad y revise todas sus cuentas en l\u00ednea para detectar actividad sospechosa.<\/li>\n<\/ul>\n<h3>Si ha sido v\u00edctima de phishing<\/h3>\n<p>Si ha compartido su informaci\u00f3n personal con un ladr\u00f3n, hay medidas que puede tomar para minimizar el da\u00f1o.<\/p>\n<ul>\n<li>Si ha compartido la informaci\u00f3n de su tarjeta de cr\u00e9dito, tarjeta de d\u00e9bito\/cajero autom\u00e1tico o cuenta corriente, comun\u00edquese con la Cooperativa de Cr\u00e9dito de inmediato. Aunque a\u00fan no haya habido actividad, es posible que deba cancelar la cuenta y abrir una nueva.<\/li>\n<li>Si los ladrones han accedido a su informaci\u00f3n personal, como su nombre, n\u00famero de Seguro Social, n\u00fameros de tarjetas de cr\u00e9dito, etc., denuncie el robo a las tres principales agencias de cr\u00e9dito y active una alerta de fraude en su expediente. Adem\u00e1s, notifique a su cooperativa de cr\u00e9dito, a la polic\u00eda local y a la Administraci\u00f3n del Seguro Social.<\/li>\n<\/ul>\n<h3>Recursos adicionales<\/h3>\n<p>Para obtener m\u00e1s informaci\u00f3n sobre c\u00f3mo protegerse del phishing y otras formas de fraude en Internet o robo de identidad, visite los siguientes sitios web:<br \/>\n<a href=\"http:\/\/www.asmarterchoice.org\/\" target=\"_blank\" rel=\"noopener\">Una elecci\u00f3n m\u00e1s inteligente<\/a><br \/>\n<a href=\"http:\/\/www.fraud.org\/\" target=\"_blank\" rel=\"noopener\">Fraude.org<\/a><\/p>\n<\/div><\/div><\/div><\/div><\/div><\/div><div class=\"wpb_column pos-top pos-center align_left column_parent col-lg-4 single-internal-gutter\"><div class=\"uncol style-light\"  ><div class=\"uncoltable\"><div class=\"uncell no-block-padding\" ><div class=\"uncont\" ><div class=\"uncode_text_column text-lead\" ><\/p>\n<h4>Enlaces r\u00e1pidos<\/h4>\n<p>\n<\/div><div class=\"vc_wp_custommenu wpb_content_element sidebar-nav\"  data-id=\"1\"><div class=\"widget widget_nav_menu\"><div class=\"menu-sidebar-menu-container\"><ul id=\"menu-sidebar-menu\" class=\"menu\"><li id=\"menu-item-198\" class=\"menu-item menu-item-type-post_type menu-item-object-page menu-item-198\"><a href=\"https:\/\/www.bscu.org\/es\/onlinebanking\/\"><i class=\"side-icon genericon genericon-next\"><\/i>Extractos electr\u00f3nicos de BrightStar<\/a><\/li>\n<li id=\"menu-item-6514\" class=\"menu-item menu-item-type-post_type menu-item-object-page menu-item-6514\"><a href=\"https:\/\/www.bscu.org\/es\/courtesypay\/\"><i class=\"side-icon genericon genericon-next\"><\/i>Pago de cortes\u00eda<\/a><\/li>\n<li id=\"menu-item-459\" class=\"menu-item menu-item-type-post_type menu-item-object-page menu-item-459\"><a href=\"https:\/\/www.bscu.org\/es\/directdeposit\/\"><i class=\"side-icon genericon genericon-next\"><\/i>Dep\u00f3sito directo<\/a><\/li>\n<li id=\"menu-item-197\" class=\"menu-item menu-item-type-post_type menu-item-object-page menu-item-197\"><a href=\"https:\/\/www.bscu.org\/es\/moneydesktop\/\"><i class=\"side-icon genericon genericon-next\"><\/i>Dinero de escritorio<\/a><\/li>\n<li id=\"menu-item-458\" class=\"menu-item menu-item-type-post_type menu-item-object-page menu-item-458\"><a href=\"https:\/\/www.bscu.org\/es\/onlinebanking\/\"><i class=\"side-icon genericon genericon-next\"><\/i>Banca en l\u00ednea y pago de facturas<\/a><\/li>\n<li id=\"menu-item-466\" class=\"menu-item menu-item-type-post_type menu-item-object-page menu-item-466\"><a href=\"https:\/\/www.bscu.org\/es\/debitcard\/\"><i class=\"side-icon genericon genericon-next\"><\/i>Tarjeta de cheques Visa<\/a><\/li>\n<li id=\"menu-item-200\" class=\"menu-item menu-item-type-post_type menu-item-object-page menu-item-200\"><a href=\"https:\/\/www.bscu.org\/es\/skipapay\/\"><i class=\"side-icon genericon genericon-next\"><\/i>Saltar un pago<\/a><\/li>\n<li id=\"menu-item-196\" class=\"menu-item menu-item-type-post_type menu-item-object-page menu-item-196\"><a href=\"https:\/\/www.bscu.org\/es\/mobilebanking\/\"><i class=\"side-icon genericon genericon-next\"><\/i>Aplicaciones para tel\u00e9fonos inteligentes<\/a><\/li>\n<\/ul><\/div><\/div><\/div><div class=\"uncode_text_column text-lead\" ><\/p>\n<h4>Preguntas frecuentes<\/h4>\n<p>\n<\/div><div class=\"uncode-accordion wpb_accordion wpb_content_element  sign-size-rg w-border\" data-collapsible=\"no\" data-target=\"\" data-active-tab=\"0\" >\n\t\t<div class=\"panel-group wpb_wrapper wpb_accordion_wrapper\" id=\"accordion_1384678524\" role=\"tablist\" aria-multiselectable=\"true\" data-no-toggle=\"\">\n\n<div class=\"panel panel-default wpb_accordion_section group\"><div class=\"panel-heading wpb_accordion_header ui-accordion-header\" role=\"tab\"><p class=\"panel-title font-weight- text-   icon-size-rg\"><a data-toggle=\"collapse\" data-parent=\"#accordion_1384678524\" href=\"#how-do-i-join-brightstar-cu-319283\"><span>\u00bfC\u00f3mo me uno a BrightStar CU?<\/span><\/a><\/p><\/div><div id=\"how-do-i-join-brightstar-cu-319283\" class=\"panel-collapse collapse\" role=\"tabpanel\"><div class=\"panel-body wpb_accordion_content ui-accordion-content half-internal-gutter single-block-padding\">\n\t\t\t\t\t\t<div class=\"uncode_text_column\" ><p>Cuando abre una cuenta de BrightStar CU, se convierte en miembro. Su membres\u00eda es su pasaporte a todo un mundo de servicios de cooperativas de cr\u00e9dito. \u00danase por tan solo $1. Una vez que sea miembro, podr\u00e1 solicitar otras cuentas, incluidas cuentas corrientes, pr\u00e9stamos, tarjetas de cr\u00e9dito y m\u00e1s. Ofrecemos 3 formas convenientes de unirse:<\/p>\n<ul>\n<li>Presentar una solicitud en l\u00ednea<\/li>\n<li>Complete una solicitud PDF en l\u00ednea y luego env\u00edela por correo<\/li>\n<li>Visite la sucursal BrightStar CU m\u00e1s cercana<\/li>\n<\/ul>\n<p>\n<\/div><\/div><\/div><\/div><div class=\"panel panel-default wpb_accordion_section group\"><div class=\"panel-heading wpb_accordion_header ui-accordion-header\" role=\"tab\"><p class=\"panel-title font-weight- text-   icon-size-rg\"><a data-toggle=\"collapse\" data-parent=\"#accordion_1384678524\" href=\"#who-is-eligible-to-join-115091\"><span>\u00bfQui\u00e9n es elegible para unirse?<\/span><\/a><\/p><\/div><div id=\"who-is-eligible-to-join-115091\" class=\"panel-collapse collapse\" role=\"tabpanel\"><div class=\"panel-body wpb_accordion_content ui-accordion-content half-internal-gutter single-block-padding\">\n\t\t\t\t\t\t<div class=\"uncode_text_column\" ><\/p>\n<p class=\"p1\"><span class=\"s1\">Cualquier persona que viva, trabaje o estudie en los condados de Broward, Collier, Lee, Martin, Miami-Dade, Palm Beach o St. Lucie, y en los condados de Pinellas, Hillsborough, Polk, Osceola, Brevard, Manatee, Hardee, Highlands, Okeechobee, Indian River, Sarasota, DeSoto, Charlotte, Glades, Hendry y Monroe, Florida. BrightStar CU presta servicios a las escuelas de Broward, como lo hemos hecho con orgullo durante m\u00e1s de 70 a\u00f1os. Ofrecemos servicios a organizaciones asociadas locales, que ofrecen BrightStar CU como beneficio a sus empleados. Los familiares de los grupos mencionados anteriormente tambi\u00e9n pueden unirse.<\/span><\/p>\n<p>\n<\/div><\/div><\/div><\/div>\n\t\t<\/div><\/div><\/div><\/div><\/div><\/div><\/div><script id=\"script-row-unique-1\" data-row=\"script-row-unique-1\" type=\"text\/javascript\" class=\"vc_controls\">UNCODE.initRow(document.getElementById(\"row-unique-1\"));<\/script><\/div><\/div><\/div>\n<\/div>","protected":false},"excerpt":{"rendered":"Suplantaci\u00f3n de identidad (Phishing) Muchas personas han sido enga\u00f1adas para que divulguen su informaci\u00f3n personal por ladrones que se hacen pasar por empresas leg\u00edtimas o agencias gubernamentales. [...]","protected":false},"author":8,"featured_media":0,"parent":369,"menu_order":2,"comment_status":"closed","ping_status":"closed","template":"","meta":{"footnotes":""},"class_list":["post-350","page","type-page","status-publish","hentry"],"yoast_head":"<!-- This site is optimized with the Yoast SEO Premium plugin v26.4 (Yoast SEO v26.4) - https:\/\/yoast.com\/wordpress\/plugins\/seo\/ -->\n<title>Phishing - BrightStar Credit Union<\/title>\n<meta name=\"robots\" content=\"index, follow, max-snippet:-1, max-image-preview:large, max-video-preview:-1\" \/>\n<link rel=\"canonical\" href=\"https:\/\/www.bscu.org\/es\/fraudcenter\/phishing\/\" \/>\n<meta property=\"og:locale\" content=\"es_ES\" \/>\n<meta property=\"og:type\" content=\"article\" \/>\n<meta property=\"og:title\" content=\"Phishing\" \/>\n<meta property=\"og:url\" content=\"https:\/\/www.bscu.org\/es\/fraudcenter\/phishing\/\" \/>\n<meta property=\"og:site_name\" content=\"BrightStar Credit Union\" \/>\n<meta property=\"article:publisher\" content=\"https:\/\/www.facebook.com\/BrightStarCU\/\" \/>\n<meta property=\"article:modified_time\" content=\"2018-10-24T13:55:52+00:00\" \/>\n<meta property=\"og:image\" content=\"https:\/\/www.bscu.org\/wp-content\/uploads\/2016\/07\/LargeImage_BSCU-Phishing.jpg\" \/>\n<meta name=\"twitter:card\" content=\"summary_large_image\" \/>\n<meta name=\"twitter:label1\" content=\"Tiempo de lectura\" \/>\n\t<meta name=\"twitter:data1\" content=\"5 minutos\" \/>\n<script type=\"application\/ld+json\" class=\"yoast-schema-graph\">{\"@context\":\"https:\/\/schema.org\",\"@graph\":[{\"@type\":\"WebPage\",\"@id\":\"https:\/\/www.bscu.org\/fraudcenter\/phishing\/\",\"url\":\"https:\/\/www.bscu.org\/fraudcenter\/phishing\/\",\"name\":\"Phishing - BrightStar Credit Union\",\"isPartOf\":{\"@id\":\"https:\/\/www.bscu.org\/#website\"},\"primaryImageOfPage\":{\"@id\":\"https:\/\/www.bscu.org\/fraudcenter\/phishing\/#primaryimage\"},\"image\":{\"@id\":\"https:\/\/www.bscu.org\/fraudcenter\/phishing\/#primaryimage\"},\"thumbnailUrl\":\"https:\/\/www.bscu.org\/wp-content\/uploads\/2016\/07\/LargeImage_BSCU-Phishing.jpg\",\"datePublished\":\"2016-08-18T15:40:30+00:00\",\"dateModified\":\"2018-10-24T13:55:52+00:00\",\"breadcrumb\":{\"@id\":\"https:\/\/www.bscu.org\/fraudcenter\/phishing\/#breadcrumb\"},\"inLanguage\":\"es\",\"potentialAction\":[{\"@type\":\"ReadAction\",\"target\":[\"https:\/\/www.bscu.org\/fraudcenter\/phishing\/\"]}]},{\"@type\":\"ImageObject\",\"inLanguage\":\"es\",\"@id\":\"https:\/\/www.bscu.org\/fraudcenter\/phishing\/#primaryimage\",\"url\":\"https:\/\/www.bscu.org\/wp-content\/uploads\/2016\/07\/LargeImage_BSCU-Phishing.jpg\",\"contentUrl\":\"https:\/\/www.bscu.org\/wp-content\/uploads\/2016\/07\/LargeImage_BSCU-Phishing.jpg\"},{\"@type\":\"BreadcrumbList\",\"@id\":\"https:\/\/www.bscu.org\/fraudcenter\/phishing\/#breadcrumb\",\"itemListElement\":[{\"@type\":\"ListItem\",\"position\":1,\"name\":\"Home\",\"item\":\"https:\/\/www.bscu.org\/\"},{\"@type\":\"ListItem\",\"position\":2,\"name\":\"Fraud Center\",\"item\":\"https:\/\/www.bscu.org\/fraudcenter\/\"},{\"@type\":\"ListItem\",\"position\":3,\"name\":\"Phishing\"}]},{\"@type\":\"WebSite\",\"@id\":\"https:\/\/www.bscu.org\/#website\",\"url\":\"https:\/\/www.bscu.org\/\",\"name\":\"BrightStar Credit Union\",\"description\":\"Serving  Broward, Collier, Lee, Martin, Miami-Dade, Palm Beach or St. Lucie Counties, Florida.\",\"publisher\":{\"@id\":\"https:\/\/www.bscu.org\/#organization\"},\"potentialAction\":[{\"@type\":\"SearchAction\",\"target\":{\"@type\":\"EntryPoint\",\"urlTemplate\":\"https:\/\/www.bscu.org\/?s={search_term_string}\"},\"query-input\":{\"@type\":\"PropertyValueSpecification\",\"valueRequired\":true,\"valueName\":\"search_term_string\"}}],\"inLanguage\":\"es\"},{\"@type\":\"Organization\",\"@id\":\"https:\/\/www.bscu.org\/#organization\",\"name\":\"BrightStar Credit Union\",\"url\":\"https:\/\/www.bscu.org\/\",\"logo\":{\"@type\":\"ImageObject\",\"inLanguage\":\"es\",\"@id\":\"https:\/\/www.bscu.org\/#\/schema\/logo\/image\/\",\"url\":\"https:\/\/www.bscu.org\/wp-content\/uploads\/2016\/07\/logo-1.png\",\"contentUrl\":\"https:\/\/www.bscu.org\/wp-content\/uploads\/2016\/07\/logo-1.png\",\"width\":500,\"height\":214,\"caption\":\"BrightStar Credit Union\"},\"image\":{\"@id\":\"https:\/\/www.bscu.org\/#\/schema\/logo\/image\/\"},\"sameAs\":[\"https:\/\/www.facebook.com\/BrightStarCU\/\",\"https:\/\/www.instagram.com\/brightstar.creditunion\/\"]}]}<\/script>\n<!-- \/ Yoast SEO Premium plugin. -->","yoast_head_json":{"title":"Phishing - BrightStar Credit Union","robots":{"index":"index","follow":"follow","max-snippet":"max-snippet:-1","max-image-preview":"max-image-preview:large","max-video-preview":"max-video-preview:-1"},"canonical":"https:\/\/www.bscu.org\/es\/fraudcenter\/phishing\/","og_locale":"es_ES","og_type":"article","og_title":"Phishing","og_url":"https:\/\/www.bscu.org\/es\/fraudcenter\/phishing\/","og_site_name":"BrightStar Credit Union","article_publisher":"https:\/\/www.facebook.com\/BrightStarCU\/","article_modified_time":"2018-10-24T13:55:52+00:00","og_image":[{"url":"https:\/\/www.bscu.org\/wp-content\/uploads\/2016\/07\/LargeImage_BSCU-Phishing.jpg","type":"","width":"","height":""}],"twitter_card":"summary_large_image","twitter_misc":{"Tiempo de lectura":"5 minutos"},"schema":{"@context":"https:\/\/schema.org","@graph":[{"@type":"WebPage","@id":"https:\/\/www.bscu.org\/fraudcenter\/phishing\/","url":"https:\/\/www.bscu.org\/fraudcenter\/phishing\/","name":"Phishing - BrightStar Credit Union","isPartOf":{"@id":"https:\/\/www.bscu.org\/#website"},"primaryImageOfPage":{"@id":"https:\/\/www.bscu.org\/fraudcenter\/phishing\/#primaryimage"},"image":{"@id":"https:\/\/www.bscu.org\/fraudcenter\/phishing\/#primaryimage"},"thumbnailUrl":"https:\/\/www.bscu.org\/wp-content\/uploads\/2016\/07\/LargeImage_BSCU-Phishing.jpg","datePublished":"2016-08-18T15:40:30+00:00","dateModified":"2018-10-24T13:55:52+00:00","breadcrumb":{"@id":"https:\/\/www.bscu.org\/fraudcenter\/phishing\/#breadcrumb"},"inLanguage":"es","potentialAction":[{"@type":"ReadAction","target":["https:\/\/www.bscu.org\/fraudcenter\/phishing\/"]}]},{"@type":"ImageObject","inLanguage":"es","@id":"https:\/\/www.bscu.org\/fraudcenter\/phishing\/#primaryimage","url":"https:\/\/www.bscu.org\/wp-content\/uploads\/2016\/07\/LargeImage_BSCU-Phishing.jpg","contentUrl":"https:\/\/www.bscu.org\/wp-content\/uploads\/2016\/07\/LargeImage_BSCU-Phishing.jpg"},{"@type":"BreadcrumbList","@id":"https:\/\/www.bscu.org\/fraudcenter\/phishing\/#breadcrumb","itemListElement":[{"@type":"ListItem","position":1,"name":"Home","item":"https:\/\/www.bscu.org\/"},{"@type":"ListItem","position":2,"name":"Fraud Center","item":"https:\/\/www.bscu.org\/fraudcenter\/"},{"@type":"ListItem","position":3,"name":"Phishing"}]},{"@type":"WebSite","@id":"https:\/\/www.bscu.org\/#website","url":"https:\/\/www.bscu.org\/","name":"Cooperativa de cr\u00e9dito BrightStar","description":"Sirviendo a los condados de Broward, Collier, Lee, Martin, Miami-Dade, Palm Beach o St. Lucie, Florida.","publisher":{"@id":"https:\/\/www.bscu.org\/#organization"},"potentialAction":[{"@type":"SearchAction","target":{"@type":"EntryPoint","urlTemplate":"https:\/\/www.bscu.org\/?s={search_term_string}"},"query-input":{"@type":"PropertyValueSpecification","valueRequired":true,"valueName":"search_term_string"}}],"inLanguage":"es"},{"@type":"Organization","@id":"https:\/\/www.bscu.org\/#organization","name":"Cooperativa de cr\u00e9dito BrightStar","url":"https:\/\/www.bscu.org\/","logo":{"@type":"ImageObject","inLanguage":"es","@id":"https:\/\/www.bscu.org\/#\/schema\/logo\/image\/","url":"https:\/\/www.bscu.org\/wp-content\/uploads\/2016\/07\/logo-1.png","contentUrl":"https:\/\/www.bscu.org\/wp-content\/uploads\/2016\/07\/logo-1.png","width":500,"height":214,"caption":"BrightStar Credit Union"},"image":{"@id":"https:\/\/www.bscu.org\/#\/schema\/logo\/image\/"},"sameAs":["https:\/\/www.facebook.com\/BrightStarCU\/","https:\/\/www.instagram.com\/brightstar.creditunion\/"]}]}},"_links":{"self":[{"href":"https:\/\/www.bscu.org\/es\/wp-json\/wp\/v2\/pages\/350","targetHints":{"allow":["GET"]}}],"collection":[{"href":"https:\/\/www.bscu.org\/es\/wp-json\/wp\/v2\/pages"}],"about":[{"href":"https:\/\/www.bscu.org\/es\/wp-json\/wp\/v2\/types\/page"}],"author":[{"embeddable":true,"href":"https:\/\/www.bscu.org\/es\/wp-json\/wp\/v2\/users\/8"}],"replies":[{"embeddable":true,"href":"https:\/\/www.bscu.org\/es\/wp-json\/wp\/v2\/comments?post=350"}],"version-history":[{"count":0,"href":"https:\/\/www.bscu.org\/es\/wp-json\/wp\/v2\/pages\/350\/revisions"}],"up":[{"embeddable":true,"href":"https:\/\/www.bscu.org\/es\/wp-json\/wp\/v2\/pages\/369"}],"wp:attachment":[{"href":"https:\/\/www.bscu.org\/es\/wp-json\/wp\/v2\/media?parent=350"}],"curies":[{"name":"wp","href":"https:\/\/api.w.org\/{rel}","templated":true}]}}