{"id":354,"date":"2016-08-18T17:38:49","date_gmt":"2016-08-18T17:38:49","guid":{"rendered":"http:\/\/192.185.79.221\/~bscu\/?page_id=354"},"modified":"2018-10-24T08:57:40","modified_gmt":"2018-10-24T13:57:40","slug":"conducting-transactions-online","status":"publish","type":"page","link":"https:\/\/www.bscu.org\/es\/fraudcenter\/conducting-transactions-online\/","title":{"rendered":"Realizar transacciones en l\u00ednea"},"content":{"rendered":"<div class=\"wpb-content-wrapper\"><div data-parent=\"true\" class=\"vc_row row-container\" id=\"row-unique-0\"><div class=\"row limit-width row-parent\"><div class=\"wpb_row row-inner\"><div class=\"wpb_column pos-top pos-center align_left column_parent col-lg-12 single-internal-gutter\"><div class=\"uncol style-light\"  ><div class=\"uncoltable\"><div class=\"uncell  vc_custom_1469730998120 border-color-204383-color no-block-padding\" style=\"border-style: solid;border-bottom-width: 1px ;padding-bottom: 35px ;\" ><div class=\"uncont\" ><div class=\"vc_custom_heading_wrap\"><div class=\"heading-text el-text\" ><h1 class=\"h1\" ><span>Realizar transacciones en l\u00ednea<\/span><\/h1><\/div><div class=\"clear\"><\/div><\/div><\/div><\/div><\/div><\/div><\/div><script id=\"script-row-unique-0\" data-row=\"script-row-unique-0\" type=\"text\/javascript\" class=\"vc_controls\">UNCODE.initRow(document.getElementById(\"row-unique-0\"));<\/script><\/div><\/div><\/div><div data-parent=\"true\" class=\"vc_row vc_custom_1477322901283 row-container\" style=\"margin-bottom: 50px ;\" id=\"row-unique-1\"><div class=\"row limit-width row-parent\"><div class=\"wpb_row row-inner\"><div class=\"wpb_column pos-top pos-center align_left column_parent col-lg-8 single-internal-gutter\"><div class=\"uncol style-light\"  ><div class=\"uncoltable\"><div class=\"uncell no-block-padding\" ><div class=\"uncont\" ><div class=\"uncode_text_column vc_custom_1469730754575\"  style=\"margin-top: 40px ;margin-bottom: 40px ;\"><p><img decoding=\"async\" style=\"width: 100%;\" src=\"https:\/\/www.bscu.org\/wp-content\/uploads\/2016\/07\/LargeImage_BSCU-ConductingTransactionsOnline.jpg\" \/><\/p>\n<\/div><div class=\"uncode_text_column vc_custom_1497369857836\"  style=\"margin-top: 75px ;margin-bottom: 75px ;\"><p>A medida que el uso de internet contin\u00faa expandi\u00e9ndose a nivel mundial, las instituciones financieras est\u00e1n mejorando la comunicaci\u00f3n con los consumidores que utilizan la web para ofrecer productos y servicios. Con esta nueva tecnolog\u00eda y la comodidad de la banca en l\u00ednea, surgen amenazas y estafas. El n\u00famero de incidentes de fraude de identidad aument\u00f3 en 13% en 2011, alcanzando un total de 11,6 millones de v\u00edctimas adultas, seg\u00fan una nueva encuesta publicada por CUNA.<\/p>\n<p>BrightStar desea que sus miembros tomen decisiones seguras al realizar operaciones bancarias en l\u00ednea, lo que implica tomar buenas decisiones que les ayudar\u00e1n a evitar problemas. Para proteger su informaci\u00f3n en l\u00ednea, tenga en cuenta las siguientes pautas:<\/p>\n<ol>\n<li>Para su seguridad, BrightStar Credit Union nunca le enviar\u00e1 correos electr\u00f3nicos, llamar\u00e1 ni le solicitar\u00e1 de ning\u00fan modo su nombre de usuario, contrase\u00f1a ni otras credenciales de banca electr\u00f3nica. Si tiene dudas sobre el origen de alg\u00fan mensaje, cont\u00e1ctenos antes de responder.<\/li>\n<li>Elija una contrase\u00f1a segura y f\u00e1cil de recordar. Se recomienda que su contrase\u00f1a incluya lo siguiente: una combinaci\u00f3n de min\u00fasculas, may\u00fasculas y n\u00fameros. No utilice fechas de nacimiento, apellidos ni ninguna otra informaci\u00f3n f\u00e1cil de obtener.<\/li>\n<li>Cambiar su contrase\u00f1a peri\u00f3dicamente puede ayudar a protegerlo.<\/li>\n<li>No comparta sus contrase\u00f1as ni su n\u00famero de miembro con nadie. Guarde esta informaci\u00f3n en un lugar seguro.<\/li>\n<li>Se recomienda instalar un sistema de seguridad para la computadora que utilizar\u00e1 para realizar operaciones bancarias en l\u00ednea.<\/li>\n<li>Cierre siempre la sesi\u00f3n de su banca en l\u00ednea despu\u00e9s de completar transacciones. (Hacer clic en la &quot;x&quot; no significa cerrar la sesi\u00f3n).<\/li>\n<li>Monitorea siempre la actividad de tu cuenta.<\/li>\n<\/ol>\n<p>Los miembros de cuentas empresariales deben realizar auditor\u00edas peri\u00f3dicas de todas sus cuentas. Tambi\u00e9n deben ser conscientes del riesgo potencial relacionado con las transacciones en l\u00ednea en su empresa.<\/p>\n<ol>\n<li>Aseg\u00farese de que las contrase\u00f1as se guarden en un lugar seguro y protegido, no que queden a la vista de todos.<\/li>\n<li>Aseg\u00farese de que las contrase\u00f1as sean nuevas y c\u00e1mbielas peri\u00f3dicamente, aproximadamente cada 90 d\u00edas.<\/li>\n<li>Proteja su negocio de la posibilidad de robo interno o fraude.<\/li>\n<li>Tan pronto como un empleado es despedido, sus derechos en l\u00ednea tambi\u00e9n deber\u00edan serlo.<\/li>\n<li>Tener un doble control sobre el acceso individual a las capacidades de transacciones en l\u00ednea ayuda a proteger a la empresa.<\/li>\n<\/ol>\n<h3>Controles de evaluaci\u00f3n sugeridos que su organizaci\u00f3n puede utilizar:<\/h3>\n<ol>\n<li>Instale firewalls para protegerse contra la pirater\u00eda de su sistema.<\/li>\n<li>Realice auditor\u00edas dentro de su organizaci\u00f3n peri\u00f3dicamente, recurriendo a una empresa externa.<\/li>\n<li>Realizar verificaciones de antecedentes de todos los empleados.<\/li>\n<\/ol>\n<p>Si toma conocimiento de alguna actividad sospechosa en su cuenta, debe comunicarse con nosotros inmediatamente al 954-486-BSCU (2728) o al n\u00famero gratuito 800.637.BSCU (2728).<\/p>\n<p>Las regulaciones federales brindan a los consumidores ciertas protecciones para las transferencias electr\u00f3nicas de fondos. Estas regulaciones generalmente se aplican a las cuentas con acceso a internet. Estas leyes describen los pasos que debe seguir para proteger sus activos financieros en caso de un error. Debe actuar con rapidez para aprovechar estas protecciones. Notifique a BrightStar Credit Union de inmediato si cree que su informaci\u00f3n ha sido robada o comprometida. Adem\u00e1s, revise la actividad de su cuenta regularmente e informe cualquier error o transacci\u00f3n no autorizada. Consulte la informaci\u00f3n sobre cuentas que se le proporcion\u00f3 al abrir la cuenta para obtener m\u00e1s informaci\u00f3n sobre este tipo de protecciones. Esta informaci\u00f3n tambi\u00e9n est\u00e1 disponible en l\u00ednea o llamando a BrightStar Credit Union.<\/p>\n<p>Para ver nuestro aviso de privacidad y divulgaciones de cuenta, <a href=\"https:\/\/www.bscu.org\/es\/fraud-center\/protect-your-personal-information\/\"><strong>haga clic aqu\u00ed<\/strong><\/a> \u00bb<\/p>\n<p>Para obtener m\u00e1s informaci\u00f3n en nuestro Centro de Fraude en l\u00ednea, <a href=\"https:\/\/www.bscu.org\/es\/fraudcenter\/\"><strong>haga clic aqu\u00ed<\/strong><\/a> \u00bb<\/p>\n<p>Para explorar temas financieros y mejorar sus habilidades monetarias, visite <a href=\"https:\/\/www.bscu.org\/es\/brightstaru\/\"><strong>Universidad BrightStar<\/strong><\/a> \u00bb<\/p>\n<\/div><\/div><\/div><\/div><\/div><\/div><div class=\"wpb_column pos-top pos-center align_left column_parent col-lg-4 single-internal-gutter\"><div class=\"uncol style-light\"  ><div class=\"uncoltable\"><div class=\"uncell no-block-padding\" ><div class=\"uncont\" ><div class=\"uncode_text_column text-lead\" ><\/p>\n<h4>Enlaces r\u00e1pidos<\/h4>\n<p>\n<\/div><div class=\"vc_wp_custommenu wpb_content_element sidebar-nav\"  data-id=\"1\"><div class=\"widget widget_nav_menu\"><div class=\"menu-sidebar-menu-container\"><ul id=\"menu-sidebar-menu\" class=\"menu\"><li id=\"menu-item-198\" class=\"menu-item menu-item-type-post_type menu-item-object-page menu-item-198\"><a href=\"https:\/\/www.bscu.org\/es\/onlinebanking\/\"><i class=\"side-icon genericon genericon-next\"><\/i>Extractos electr\u00f3nicos de BrightStar<\/a><\/li>\n<li id=\"menu-item-6514\" class=\"menu-item menu-item-type-post_type menu-item-object-page menu-item-6514\"><a href=\"https:\/\/www.bscu.org\/es\/courtesypay\/\"><i class=\"side-icon genericon genericon-next\"><\/i>Pago de cortes\u00eda<\/a><\/li>\n<li id=\"menu-item-459\" class=\"menu-item menu-item-type-post_type menu-item-object-page menu-item-459\"><a href=\"https:\/\/www.bscu.org\/es\/directdeposit\/\"><i class=\"side-icon genericon genericon-next\"><\/i>Dep\u00f3sito directo<\/a><\/li>\n<li id=\"menu-item-197\" class=\"menu-item menu-item-type-post_type menu-item-object-page menu-item-197\"><a href=\"https:\/\/www.bscu.org\/es\/moneydesktop\/\"><i class=\"side-icon genericon genericon-next\"><\/i>Dinero de escritorio<\/a><\/li>\n<li id=\"menu-item-458\" class=\"menu-item menu-item-type-post_type menu-item-object-page menu-item-458\"><a href=\"https:\/\/www.bscu.org\/es\/onlinebanking\/\"><i class=\"side-icon genericon genericon-next\"><\/i>Banca en l\u00ednea y pago de facturas<\/a><\/li>\n<li id=\"menu-item-466\" class=\"menu-item menu-item-type-post_type menu-item-object-page menu-item-466\"><a href=\"https:\/\/www.bscu.org\/es\/debitcard\/\"><i class=\"side-icon genericon genericon-next\"><\/i>Tarjeta de cheques Visa<\/a><\/li>\n<li id=\"menu-item-200\" class=\"menu-item menu-item-type-post_type menu-item-object-page menu-item-200\"><a href=\"https:\/\/www.bscu.org\/es\/skipapay\/\"><i class=\"side-icon genericon genericon-next\"><\/i>Saltar un pago<\/a><\/li>\n<li id=\"menu-item-196\" class=\"menu-item menu-item-type-post_type menu-item-object-page menu-item-196\"><a href=\"https:\/\/www.bscu.org\/es\/mobilebanking\/\"><i class=\"side-icon genericon genericon-next\"><\/i>Aplicaciones para tel\u00e9fonos inteligentes<\/a><\/li>\n<\/ul><\/div><\/div><\/div><div class=\"uncode_text_column text-lead\" ><\/p>\n<h4>Preguntas frecuentes<\/h4>\n<p>\n<\/div><div class=\"uncode-accordion wpb_accordion wpb_content_element  sign-size-rg w-border\" data-collapsible=\"no\" data-target=\"\" data-active-tab=\"0\" >\n\t\t<div class=\"panel-group wpb_wrapper wpb_accordion_wrapper\" id=\"accordion_574795815\" role=\"tablist\" aria-multiselectable=\"true\" data-no-toggle=\"\">\n\n<div class=\"panel panel-default wpb_accordion_section group\"><div class=\"panel-heading wpb_accordion_header ui-accordion-header\" role=\"tab\"><p class=\"panel-title font-weight- text-   icon-size-rg\"><a data-toggle=\"collapse\" data-parent=\"#accordion_574795815\" href=\"#how-do-i-join-brightstar-cu-999631\"><span>\u00bfC\u00f3mo me uno a BrightStar CU?<\/span><\/a><\/p><\/div><div id=\"how-do-i-join-brightstar-cu-999631\" class=\"panel-collapse collapse\" role=\"tabpanel\"><div class=\"panel-body wpb_accordion_content ui-accordion-content half-internal-gutter single-block-padding\">\n\t\t\t\t\t\t<div class=\"uncode_text_column\" ><p>Cuando abre una cuenta de BrightStar CU, se convierte en miembro. Su membres\u00eda es su pasaporte a todo un mundo de servicios de cooperativas de cr\u00e9dito. \u00danase por tan solo $1. Una vez que sea miembro, podr\u00e1 solicitar otras cuentas, incluidas cuentas corrientes, pr\u00e9stamos, tarjetas de cr\u00e9dito y m\u00e1s. Ofrecemos 3 formas convenientes de unirse:<\/p>\n<ul>\n<li>Presentar una solicitud en l\u00ednea<\/li>\n<li>Complete una solicitud PDF en l\u00ednea y luego env\u00edela por correo<\/li>\n<li>Visite la sucursal BrightStar CU m\u00e1s cercana<\/li>\n<\/ul>\n<p>\n<\/div><\/div><\/div><\/div><div class=\"panel panel-default wpb_accordion_section group\"><div class=\"panel-heading wpb_accordion_header ui-accordion-header\" role=\"tab\"><p class=\"panel-title font-weight- text-   icon-size-rg\"><a data-toggle=\"collapse\" data-parent=\"#accordion_574795815\" href=\"#who-is-eligible-to-join-691975\"><span>\u00bfQui\u00e9n es elegible para unirse?<\/span><\/a><\/p><\/div><div id=\"who-is-eligible-to-join-691975\" class=\"panel-collapse collapse\" role=\"tabpanel\"><div class=\"panel-body wpb_accordion_content ui-accordion-content half-internal-gutter single-block-padding\">\n\t\t\t\t\t\t<div class=\"uncode_text_column\" ><\/p>\n<p class=\"p1\"><span class=\"s1\">Cualquier persona que viva, trabaje o estudie en los condados de Broward, Collier, Lee, Martin, Miami-Dade, Palm Beach o St. Lucie, y en los condados de Pinellas, Hillsborough, Polk, Osceola, Brevard, Manatee, Hardee, Highlands, Okeechobee, Indian River, Sarasota, DeSoto, Charlotte, Glades, Hendry y Monroe, Florida. BrightStar CU presta servicios a las escuelas de Broward, como lo hemos hecho con orgullo durante m\u00e1s de 70 a\u00f1os. Ofrecemos servicios a organizaciones asociadas locales, que ofrecen BrightStar CU como beneficio a sus empleados. Los familiares de los grupos mencionados anteriormente tambi\u00e9n pueden unirse.<\/span><\/p>\n<p>\n<\/div><\/div><\/div><\/div>\n\t\t<\/div><\/div><\/div><\/div><\/div><\/div><\/div><script id=\"script-row-unique-1\" data-row=\"script-row-unique-1\" type=\"text\/javascript\" class=\"vc_controls\">UNCODE.initRow(document.getElementById(\"row-unique-1\"));<\/script><\/div><\/div><\/div>\n<\/div>","protected":false},"excerpt":{"rendered":"Realizar transacciones en l\u00ednea A medida que el uso de Internet contin\u00faa expandi\u00e9ndose en todo el mundo, las instituciones financieras est\u00e1n mejorando las comunicaciones con los consumidores que utilizan la Web [...]","protected":false},"author":8,"featured_media":0,"parent":369,"menu_order":5,"comment_status":"closed","ping_status":"closed","template":"","meta":{"footnotes":""},"class_list":["post-354","page","type-page","status-publish","hentry"],"yoast_head":"<!-- This site is optimized with the Yoast SEO Premium plugin v26.4 (Yoast SEO v26.4) - https:\/\/yoast.com\/wordpress\/plugins\/seo\/ -->\n<title>Conducting Transactions Online - BrightStar Credit Union<\/title>\n<meta name=\"robots\" content=\"index, follow, max-snippet:-1, max-image-preview:large, max-video-preview:-1\" \/>\n<link rel=\"canonical\" href=\"https:\/\/www.bscu.org\/es\/fraudcenter\/conducting-transactions-online\/\" \/>\n<meta property=\"og:locale\" content=\"es_ES\" \/>\n<meta property=\"og:type\" content=\"article\" \/>\n<meta property=\"og:title\" content=\"Conducting Transactions Online\" \/>\n<meta property=\"og:url\" content=\"https:\/\/www.bscu.org\/es\/fraudcenter\/conducting-transactions-online\/\" \/>\n<meta property=\"og:site_name\" content=\"BrightStar Credit Union\" \/>\n<meta property=\"article:publisher\" content=\"https:\/\/www.facebook.com\/BrightStarCU\/\" \/>\n<meta property=\"article:modified_time\" content=\"2018-10-24T13:57:40+00:00\" \/>\n<meta property=\"og:image\" content=\"https:\/\/www.bscu.org\/wp-content\/uploads\/2016\/07\/LargeImage_BSCU-ConductingTransactionsOnline.jpg\" \/>\n<meta name=\"twitter:card\" content=\"summary_large_image\" \/>\n<meta name=\"twitter:label1\" content=\"Tiempo de lectura\" \/>\n\t<meta name=\"twitter:data1\" content=\"4 minutos\" \/>\n<script type=\"application\/ld+json\" class=\"yoast-schema-graph\">{\"@context\":\"https:\/\/schema.org\",\"@graph\":[{\"@type\":\"WebPage\",\"@id\":\"https:\/\/www.bscu.org\/fraudcenter\/conducting-transactions-online\/\",\"url\":\"https:\/\/www.bscu.org\/fraudcenter\/conducting-transactions-online\/\",\"name\":\"Conducting Transactions Online - BrightStar Credit Union\",\"isPartOf\":{\"@id\":\"https:\/\/www.bscu.org\/#website\"},\"primaryImageOfPage\":{\"@id\":\"https:\/\/www.bscu.org\/fraudcenter\/conducting-transactions-online\/#primaryimage\"},\"image\":{\"@id\":\"https:\/\/www.bscu.org\/fraudcenter\/conducting-transactions-online\/#primaryimage\"},\"thumbnailUrl\":\"https:\/\/www.bscu.org\/wp-content\/uploads\/2016\/07\/LargeImage_BSCU-ConductingTransactionsOnline.jpg\",\"datePublished\":\"2016-08-18T17:38:49+00:00\",\"dateModified\":\"2018-10-24T13:57:40+00:00\",\"breadcrumb\":{\"@id\":\"https:\/\/www.bscu.org\/fraudcenter\/conducting-transactions-online\/#breadcrumb\"},\"inLanguage\":\"es\",\"potentialAction\":[{\"@type\":\"ReadAction\",\"target\":[\"https:\/\/www.bscu.org\/fraudcenter\/conducting-transactions-online\/\"]}]},{\"@type\":\"ImageObject\",\"inLanguage\":\"es\",\"@id\":\"https:\/\/www.bscu.org\/fraudcenter\/conducting-transactions-online\/#primaryimage\",\"url\":\"https:\/\/www.bscu.org\/wp-content\/uploads\/2016\/07\/LargeImage_BSCU-ConductingTransactionsOnline.jpg\",\"contentUrl\":\"https:\/\/www.bscu.org\/wp-content\/uploads\/2016\/07\/LargeImage_BSCU-ConductingTransactionsOnline.jpg\"},{\"@type\":\"BreadcrumbList\",\"@id\":\"https:\/\/www.bscu.org\/fraudcenter\/conducting-transactions-online\/#breadcrumb\",\"itemListElement\":[{\"@type\":\"ListItem\",\"position\":1,\"name\":\"Home\",\"item\":\"https:\/\/www.bscu.org\/\"},{\"@type\":\"ListItem\",\"position\":2,\"name\":\"Fraud Center\",\"item\":\"https:\/\/www.bscu.org\/fraudcenter\/\"},{\"@type\":\"ListItem\",\"position\":3,\"name\":\"Conducting Transactions Online\"}]},{\"@type\":\"WebSite\",\"@id\":\"https:\/\/www.bscu.org\/#website\",\"url\":\"https:\/\/www.bscu.org\/\",\"name\":\"BrightStar Credit Union\",\"description\":\"Serving  Broward, Collier, Lee, Martin, Miami-Dade, Palm Beach or St. Lucie Counties, Florida.\",\"publisher\":{\"@id\":\"https:\/\/www.bscu.org\/#organization\"},\"potentialAction\":[{\"@type\":\"SearchAction\",\"target\":{\"@type\":\"EntryPoint\",\"urlTemplate\":\"https:\/\/www.bscu.org\/?s={search_term_string}\"},\"query-input\":{\"@type\":\"PropertyValueSpecification\",\"valueRequired\":true,\"valueName\":\"search_term_string\"}}],\"inLanguage\":\"es\"},{\"@type\":\"Organization\",\"@id\":\"https:\/\/www.bscu.org\/#organization\",\"name\":\"BrightStar Credit Union\",\"url\":\"https:\/\/www.bscu.org\/\",\"logo\":{\"@type\":\"ImageObject\",\"inLanguage\":\"es\",\"@id\":\"https:\/\/www.bscu.org\/#\/schema\/logo\/image\/\",\"url\":\"https:\/\/www.bscu.org\/wp-content\/uploads\/2016\/07\/logo-1.png\",\"contentUrl\":\"https:\/\/www.bscu.org\/wp-content\/uploads\/2016\/07\/logo-1.png\",\"width\":500,\"height\":214,\"caption\":\"BrightStar Credit Union\"},\"image\":{\"@id\":\"https:\/\/www.bscu.org\/#\/schema\/logo\/image\/\"},\"sameAs\":[\"https:\/\/www.facebook.com\/BrightStarCU\/\",\"https:\/\/www.instagram.com\/brightstar.creditunion\/\"]}]}<\/script>\n<!-- \/ Yoast SEO Premium plugin. -->","yoast_head_json":{"title":"Conducting Transactions Online - BrightStar Credit Union","robots":{"index":"index","follow":"follow","max-snippet":"max-snippet:-1","max-image-preview":"max-image-preview:large","max-video-preview":"max-video-preview:-1"},"canonical":"https:\/\/www.bscu.org\/es\/fraudcenter\/conducting-transactions-online\/","og_locale":"es_ES","og_type":"article","og_title":"Conducting Transactions Online","og_url":"https:\/\/www.bscu.org\/es\/fraudcenter\/conducting-transactions-online\/","og_site_name":"BrightStar Credit Union","article_publisher":"https:\/\/www.facebook.com\/BrightStarCU\/","article_modified_time":"2018-10-24T13:57:40+00:00","og_image":[{"url":"https:\/\/www.bscu.org\/wp-content\/uploads\/2016\/07\/LargeImage_BSCU-ConductingTransactionsOnline.jpg","type":"","width":"","height":""}],"twitter_card":"summary_large_image","twitter_misc":{"Tiempo de lectura":"4 minutos"},"schema":{"@context":"https:\/\/schema.org","@graph":[{"@type":"WebPage","@id":"https:\/\/www.bscu.org\/fraudcenter\/conducting-transactions-online\/","url":"https:\/\/www.bscu.org\/fraudcenter\/conducting-transactions-online\/","name":"Conducting Transactions Online - BrightStar Credit Union","isPartOf":{"@id":"https:\/\/www.bscu.org\/#website"},"primaryImageOfPage":{"@id":"https:\/\/www.bscu.org\/fraudcenter\/conducting-transactions-online\/#primaryimage"},"image":{"@id":"https:\/\/www.bscu.org\/fraudcenter\/conducting-transactions-online\/#primaryimage"},"thumbnailUrl":"https:\/\/www.bscu.org\/wp-content\/uploads\/2016\/07\/LargeImage_BSCU-ConductingTransactionsOnline.jpg","datePublished":"2016-08-18T17:38:49+00:00","dateModified":"2018-10-24T13:57:40+00:00","breadcrumb":{"@id":"https:\/\/www.bscu.org\/fraudcenter\/conducting-transactions-online\/#breadcrumb"},"inLanguage":"es","potentialAction":[{"@type":"ReadAction","target":["https:\/\/www.bscu.org\/fraudcenter\/conducting-transactions-online\/"]}]},{"@type":"ImageObject","inLanguage":"es","@id":"https:\/\/www.bscu.org\/fraudcenter\/conducting-transactions-online\/#primaryimage","url":"https:\/\/www.bscu.org\/wp-content\/uploads\/2016\/07\/LargeImage_BSCU-ConductingTransactionsOnline.jpg","contentUrl":"https:\/\/www.bscu.org\/wp-content\/uploads\/2016\/07\/LargeImage_BSCU-ConductingTransactionsOnline.jpg"},{"@type":"BreadcrumbList","@id":"https:\/\/www.bscu.org\/fraudcenter\/conducting-transactions-online\/#breadcrumb","itemListElement":[{"@type":"ListItem","position":1,"name":"Home","item":"https:\/\/www.bscu.org\/"},{"@type":"ListItem","position":2,"name":"Fraud Center","item":"https:\/\/www.bscu.org\/fraudcenter\/"},{"@type":"ListItem","position":3,"name":"Conducting Transactions Online"}]},{"@type":"WebSite","@id":"https:\/\/www.bscu.org\/#website","url":"https:\/\/www.bscu.org\/","name":"Cooperativa de cr\u00e9dito BrightStar","description":"Sirviendo a los condados de Broward, Collier, Lee, Martin, Miami-Dade, Palm Beach o St. Lucie, Florida.","publisher":{"@id":"https:\/\/www.bscu.org\/#organization"},"potentialAction":[{"@type":"SearchAction","target":{"@type":"EntryPoint","urlTemplate":"https:\/\/www.bscu.org\/?s={search_term_string}"},"query-input":{"@type":"PropertyValueSpecification","valueRequired":true,"valueName":"search_term_string"}}],"inLanguage":"es"},{"@type":"Organization","@id":"https:\/\/www.bscu.org\/#organization","name":"Cooperativa de cr\u00e9dito BrightStar","url":"https:\/\/www.bscu.org\/","logo":{"@type":"ImageObject","inLanguage":"es","@id":"https:\/\/www.bscu.org\/#\/schema\/logo\/image\/","url":"https:\/\/www.bscu.org\/wp-content\/uploads\/2016\/07\/logo-1.png","contentUrl":"https:\/\/www.bscu.org\/wp-content\/uploads\/2016\/07\/logo-1.png","width":500,"height":214,"caption":"BrightStar Credit Union"},"image":{"@id":"https:\/\/www.bscu.org\/#\/schema\/logo\/image\/"},"sameAs":["https:\/\/www.facebook.com\/BrightStarCU\/","https:\/\/www.instagram.com\/brightstar.creditunion\/"]}]}},"_links":{"self":[{"href":"https:\/\/www.bscu.org\/es\/wp-json\/wp\/v2\/pages\/354","targetHints":{"allow":["GET"]}}],"collection":[{"href":"https:\/\/www.bscu.org\/es\/wp-json\/wp\/v2\/pages"}],"about":[{"href":"https:\/\/www.bscu.org\/es\/wp-json\/wp\/v2\/types\/page"}],"author":[{"embeddable":true,"href":"https:\/\/www.bscu.org\/es\/wp-json\/wp\/v2\/users\/8"}],"replies":[{"embeddable":true,"href":"https:\/\/www.bscu.org\/es\/wp-json\/wp\/v2\/comments?post=354"}],"version-history":[{"count":0,"href":"https:\/\/www.bscu.org\/es\/wp-json\/wp\/v2\/pages\/354\/revisions"}],"up":[{"embeddable":true,"href":"https:\/\/www.bscu.org\/es\/wp-json\/wp\/v2\/pages\/369"}],"wp:attachment":[{"href":"https:\/\/www.bscu.org\/es\/wp-json\/wp\/v2\/media?parent=354"}],"curies":[{"name":"wp","href":"https:\/\/api.w.org\/{rel}","templated":true}]}}