{"id":587,"date":"2016-08-31T18:06:42","date_gmt":"2016-08-31T18:06:42","guid":{"rendered":"http:\/\/192.185.79.221\/~bscu\/?page_id=587"},"modified":"2020-06-25T16:49:02","modified_gmt":"2020-06-25T20:49:02","slug":"credit-life-and-disability-insurance","status":"publish","type":"page","link":"https:\/\/www.bscu.org\/es\/insurance-center\/credit-life-and-disability-insurance\/","title":{"rendered":"Seguro de vida y discapacidad crediticia"},"content":{"rendered":"<div class=\"wpb-content-wrapper\"><section data-parent=\"true\" class=\"vc_section row-container with-parallax\" id=\"section-unique-0\"><div class=\"row-background background-element\">\n\t\t\t\t\t\t\t\t\t\t\t<div class=\"background-wrapper\">\n\t\t\t\t\t\t\t\t\t\t\t\t<div class=\"background-inner\" style=\"background-image: url(https:\/\/www.bscu.org\/wp-content\/uploads\/2020\/06\/lpp-bg.jpg);background-repeat: no-repeat;background-position: center center;background-size: cover;\"><\/div>\n\t\t\t\t\t\t\t\t\t\t\t\t<div class=\"block-bg-overlay style-color-jevc-bg\" style=\"opacity: 0.45;\"><\/div>\n\t\t\t\t\t\t\t\t\t\t\t<\/div>\n\t\t\t\t\t\t\t\t\t\t<\/div><div class=\"row no-top-padding no-bottom-padding no-h-padding full-width row-parent\"><div data-parent=\"true\" class=\"vc_row row-container\" id=\"row-unique-0\"><div class=\"row unequal limit-width row-parent\" data-height-ratio=\"40\" data-minheight=\"300\"><div class=\"wpb_row row-inner\"><div class=\"wpb_column pos-middle pos-center align_center align_center_mobile column_parent col-lg-12 no-internal-gutter\"><div class=\"uncol style-light\"  ><div class=\"uncoltable\"><div class=\"uncell no-block-padding\" ><div class=\"uncont\" ><div id=\"ultimate-heading-192069da7f50ce584\" class=\"uvc-heading ult-adjust-bottom-margin ultimate-heading-192069da7f50ce584 uvc-660\" data-hspacer=\"no_spacer\"  data-halign=\"center\" style=\"text-align:center\"><div class=\"uvc-heading-spacer no_spacer\" style=\"top\"><\/div><div class=\"uvc-main-heading ult-responsive\"  data-ultimate-target='.uvc-heading.ultimate-heading-192069da7f50ce584 h1'  data-responsive-json-new='{\"font-size\":\"\",\"line-height\":\"\"}' ><h1 style=\"font-weight:normal;color:#ffffff;\">Seguro de vida y discapacidad crediticia<\/h1><\/div><div class=\"uvc-sub-heading ult-responsive\"  data-ultimate-target='.uvc-heading.ultimate-heading-192069da7f50ce584 .uvc-sub-heading '  data-responsive-json-new='{\"font-size\":\"desktop:24px;\",\"line-height\":\"\"}'  style=\"font-weight:normal;color:#ffffff;\"><\/p>\n<p style=\"text-align: center;\">Protecci\u00f3n de pago de pr\u00e9stamos<\/p>\n<p><\/div><\/div><div class=\"ult-spacer spacer-69da7f50ce5b7\" data-id=\"69da7f50ce5b7\" data-height=\"10\" data-height-mobile=\"10\" data-height-tab=\"10\" data-height-tab-portrait=\"\" data-height-mobile-landscape=\"\" style=\"clear:both;display:block;\"><\/div><span class=\"btn-container\" ><a href=\"#request-info\" class=\"custom-link btn border-width-0 btn-request btn-accent btn-round btn-shadow btn-icon-left\" title=\"El enlace se abrir\u00e1 en una nueva pesta\u00f1a.\"><i class=\"fa fa-home-outline\"><\/i>Solicitar informaci\u00f3n<\/a><\/span><\/div><\/div><\/div><\/div><\/div><script id=\"script-row-unique-0\" data-row=\"script-row-unique-0\" type=\"text\/javascript\" class=\"vc_controls\">UNCODE.initRow(document.getElementById(\"row-unique-0\"));<\/script><\/div><\/div><\/div><script id=\"script-section-unique-0\" data-section=\"script-section-unique-0\" type=\"text\/javascript\">UNCODE.initSection(document.getElementById(\"section-unique-0\"));<\/script><\/div><\/section><div data-parent=\"true\" class=\"vc_row style-color-gyho-bg vc_custom_1497555427705 row-container onepage-section\" data-label=\"features\" data-name=\"features\" style=\"padding-top: 20px ;\" id=\"row-unique-1\"><div class=\"row limit-width row-parent\"><div class=\"wpb_row row-inner\"><div class=\"wpb_column pos-top pos-center align_left column_parent col-lg-6 single-internal-gutter\"><div class=\"uncol style-light\"  ><div class=\"uncoltable\"><div class=\"uncell no-block-padding\" ><div class=\"uncont\" ><div class=\"aio-icon-component    style_2\"><div id=\"Info-box-wrap-8036\" class=\"aio-icon-box default-icon\" style=\"\"  ><div class=\"aio-icon-default\"><div class=\"ult-just-icon-wrapper\"><div class=\"align-icon\" style=\"text-align:center;\">\n<div class=\"aio-icon none\" data-animation=\"swing\" data-animation-delay=\"03\" style=\"color:#00475f;font-size:48px;display:inline-block;\">\n\t<i class=\"Defaults-file-text-o\"><\/i>\n<\/div><\/div><\/div><\/div><div class=\"aio-icon-header\" ><h3 class=\"aio-icon-title ult-responsive\"  data-ultimate-target='#Info-box-wrap-8036 .aio-icon-title'  data-responsive-json-new='{\"font-size\":\"desktop:20px;\",\"line-height\":\"\"}'  style=\"\">El seguro de cr\u00e9dito puede realizar los pagos de su pr\u00e9stamo cuando usted no puede<\/h3><\/div> <!-- header --><\/div> <!-- aio-icon-box --><\/div> <!-- aio-icon-component --><div class=\"uavc-list-icon uavc-list-icon-wrapper ult-adjust-bottom-margin\"><ul class=\"uavc-list\"><li><div class=\"uavc-list-content\" id=\"list-icon-wrap-5336\">\n<div class=\"uavc-list-icon\" data-animation=\"\" data-animation-delay=\"03\" style=\"margin-right:5px;\"><div class=\"ult-just-icon-wrapper\"><div class=\"align-icon\" style=\"text-align:center;\">\n<div class=\"aio-icon none\"  style=\"color:#031c32;font-size:20px;display:inline-block;\">\n\t<i class=\"Defaults-circle-thin genderless\"><\/i>\n<\/div><\/div><\/div>\n<\/div><span  data-ultimate-target='#list-icon-wrap-5336 .uavc-list-desc'  data-responsive-json-new='{\"font-size\":\"\",\"line-height\":\"\"}'  class=\"uavc-list-desc ult-responsive\" style=\"\"><span style=\"color: #000000;\">La vida puede ser maravillosa. Pero tambi\u00e9n puede complicarse cuando ocurren imprevistos. Proteger los pagos de su pr\u00e9stamo contra imprevistos, como un evento vital cubierto o una discapacidad, podr\u00eda ayudarle a proteger m\u00e1s que sus finanzas. Podr\u00eda ayudar a aliviar la carga de sus seres queridos. Asegure los pagos de su pr\u00e9stamo hoy para preocuparse un poco menos por el futuro.<\/span><\/p>\n<div style=\"height: 5px;\"><\/div>\n<p><span style=\"color: #000000;\">Es imposible predecir una lesi\u00f3n, enfermedad u otro imprevisto. Puede tomar medidas para proteger a su familia si ocurre un imprevisto. El seguro de discapacidad crediticia y el seguro de vida crediticia pueden ayudarle a reducir o liquidar su pr\u00e9stamo cubierto, hasta el m\u00e1ximo de la p\u00f3liza, en caso de un imprevisto, lesi\u00f3n, enfermedad o fallecimiento. Usted decide qu\u00e9 pagos desea proteger y la prima mensual puede a\u00f1adirse a su pr\u00e9stamo. La cobertura est\u00e1 dise\u00f1ada para adaptarse a su estilo de vida, es totalmente voluntaria, no afecta la aprobaci\u00f3n de su pr\u00e9stamo y es f\u00e1cil de solicitar. Puede contratar el seguro de cr\u00e9dito al cierre de su pr\u00e9stamo o en cualquier momento.<\/span><\/span><\/div><\/li><\/ul><\/div><\/div><\/div><\/div><\/div><\/div><div class=\"wpb_column pos-top pos-center align_left column_parent col-lg-6 single-internal-gutter\"><div class=\"uncol style-light\"  ><div class=\"uncoltable\"><div class=\"uncell no-block-padding\" ><div class=\"uncont\" ><div class=\"aio-icon-component    style_2\"><div id=\"Info-box-wrap-5626\" class=\"aio-icon-box default-icon\" style=\"\"  ><div class=\"aio-icon-default\"><div class=\"ult-just-icon-wrapper\"><div class=\"align-icon\" style=\"text-align:center;\">\n<div class=\"aio-icon none\" data-animation=\"swing\" data-animation-delay=\"03\" style=\"color:#00475f;font-size:48px;display:inline-block;\">\n\t<i class=\"Defaults-file-text\"><\/i>\n<\/div><\/div><\/div><\/div><div class=\"aio-icon-header\" ><h3 class=\"aio-icon-title ult-responsive\"  data-ultimate-target='#Info-box-wrap-5626 .aio-icon-title'  data-responsive-json-new='{\"font-size\":\"desktop:20px;\",\"line-height\":\"\"}'  style=\"\">\u00bfC\u00f3mo obtener protecci\u00f3n de seguro de vida y de discapacidad crediticia?<\/h3><\/div> <!-- header --><\/div> <!-- aio-icon-box --><\/div> <!-- aio-icon-component --><div class=\"uavc-list-icon uavc-list-icon-wrapper ult-adjust-bottom-margin\"><ul class=\"uavc-list\"><li><div class=\"uavc-list-content\" id=\"list-icon-wrap-7613\">\n<div class=\"uavc-list-icon\" data-animation=\"\" data-animation-delay=\"03\" style=\"margin-right:5px;\"><div class=\"ult-just-icon-wrapper\"><div class=\"align-icon\" style=\"text-align:center;\">\n<div class=\"aio-icon none\"  style=\"color:#031c32;font-size:20px;display:inline-block;\">\n\t<i class=\"Defaults-circle-thin genderless\"><\/i>\n<\/div><\/div><\/div>\n<\/div><span  data-ultimate-target='#list-icon-wrap-7613 .uavc-list-desc'  data-responsive-json-new='{\"font-size\":\"\",\"line-height\":\"\"}'  class=\"uavc-list-desc ult-responsive\" style=\"\"><span style=\"color: #000000;\">Dado que las primas est\u00e1n incluidas en los pagos de su pr\u00e9stamo de BrightStar CU, simplemente solicite una cotizaci\u00f3n cuando hable con un representante de BrightStar CU sobre su pr\u00e9stamo. Ll\u00e1menos al 954-486-BSCU (2728).<\/span><\/p>\n<div style=\"height: 5px;\"><\/div>\n<p><span style=\"color: #000000;\">La compra del Seguro de Vida y Discapacidad Crediticia MEMBER&#039;S CHOICE\u00ae, suscrito por CMFG Life Insurance Company, es opcional y no afectar\u00e1 su solicitud de cr\u00e9dito ni los t\u00e9rminos de ning\u00fan contrato de cr\u00e9dito requerido para obtener un pr\u00e9stamo. Pueden aplicarse ciertos requisitos de elegibilidad, condiciones y exclusiones. Para obtener una explicaci\u00f3n completa de los t\u00e9rminos, comun\u00edquese con su representante de pr\u00e9stamos o consulte la P\u00f3liza de Grupo.<\/span><\/p>\n<p><\/span><\/div><\/li><\/ul><\/div><\/div><\/div><\/div><\/div><\/div><script id=\"script-row-unique-1\" data-row=\"script-row-unique-1\" type=\"text\/javascript\" class=\"vc_controls\">UNCODE.initRow(document.getElementById(\"row-unique-1\"));<\/script><\/div><\/div><\/div>\n<\/div>","protected":false},"excerpt":{"rendered":"Solicitud de protecci\u00f3n de pagos de pr\u00e9stamos de seguro de vida y discapacidad de cr\u00e9dito El seguro de cr\u00e9dito puede realizar los pagos de su pr\u00e9stamo cuando usted no puede [...]","protected":false},"author":8,"featured_media":0,"parent":563,"menu_order":1,"comment_status":"closed","ping_status":"closed","template":"","meta":{"footnotes":""},"class_list":["post-587","page","type-page","status-publish","hentry"],"yoast_head":"<!-- This site is optimized with the Yoast SEO Premium plugin v26.4 (Yoast SEO v26.4) - https:\/\/yoast.com\/wordpress\/plugins\/seo\/ -->\n<title>Credit Life and Disability Insurance - BrightStar Credit Union<\/title>\n<meta name=\"robots\" content=\"index, follow, max-snippet:-1, max-image-preview:large, max-video-preview:-1\" \/>\n<link rel=\"canonical\" href=\"https:\/\/www.bscu.org\/es\/insurance-center\/credit-life-and-disability-insurance\/\" \/>\n<meta property=\"og:locale\" content=\"es_ES\" \/>\n<meta property=\"og:type\" content=\"article\" \/>\n<meta property=\"og:title\" content=\"Credit Life and Disability Insurance\" \/>\n<meta property=\"og:url\" content=\"https:\/\/www.bscu.org\/es\/insurance-center\/credit-life-and-disability-insurance\/\" \/>\n<meta property=\"og:site_name\" content=\"BrightStar Credit Union\" \/>\n<meta property=\"article:publisher\" content=\"https:\/\/www.facebook.com\/BrightStarCU\/\" \/>\n<meta property=\"article:modified_time\" content=\"2020-06-25T20:49:02+00:00\" \/>\n<meta name=\"twitter:card\" content=\"summary_large_image\" \/>\n<meta name=\"twitter:label1\" content=\"Tiempo de lectura\" \/>\n\t<meta name=\"twitter:data1\" content=\"3 minutos\" \/>\n<script type=\"application\/ld+json\" class=\"yoast-schema-graph\">{\"@context\":\"https:\/\/schema.org\",\"@graph\":[{\"@type\":\"WebPage\",\"@id\":\"https:\/\/www.bscu.org\/insurance-center\/credit-life-and-disability-insurance\/\",\"url\":\"https:\/\/www.bscu.org\/insurance-center\/credit-life-and-disability-insurance\/\",\"name\":\"Credit Life and Disability Insurance - BrightStar Credit Union\",\"isPartOf\":{\"@id\":\"https:\/\/www.bscu.org\/#website\"},\"datePublished\":\"2016-08-31T18:06:42+00:00\",\"dateModified\":\"2020-06-25T20:49:02+00:00\",\"breadcrumb\":{\"@id\":\"https:\/\/www.bscu.org\/insurance-center\/credit-life-and-disability-insurance\/#breadcrumb\"},\"inLanguage\":\"es\",\"potentialAction\":[{\"@type\":\"ReadAction\",\"target\":[\"https:\/\/www.bscu.org\/insurance-center\/credit-life-and-disability-insurance\/\"]}]},{\"@type\":\"BreadcrumbList\",\"@id\":\"https:\/\/www.bscu.org\/insurance-center\/credit-life-and-disability-insurance\/#breadcrumb\",\"itemListElement\":[{\"@type\":\"ListItem\",\"position\":1,\"name\":\"Home\",\"item\":\"https:\/\/www.bscu.org\/\"},{\"@type\":\"ListItem\",\"position\":2,\"name\":\"Insurance Center\",\"item\":\"https:\/\/www.bscu.org\/insurance-center\/\"},{\"@type\":\"ListItem\",\"position\":3,\"name\":\"Credit Life and Disability Insurance\"}]},{\"@type\":\"WebSite\",\"@id\":\"https:\/\/www.bscu.org\/#website\",\"url\":\"https:\/\/www.bscu.org\/\",\"name\":\"BrightStar Credit Union\",\"description\":\"Serving  Broward, Collier, Lee, Martin, Miami-Dade, Palm Beach or St. Lucie Counties, Florida.\",\"publisher\":{\"@id\":\"https:\/\/www.bscu.org\/#organization\"},\"potentialAction\":[{\"@type\":\"SearchAction\",\"target\":{\"@type\":\"EntryPoint\",\"urlTemplate\":\"https:\/\/www.bscu.org\/?s={search_term_string}\"},\"query-input\":{\"@type\":\"PropertyValueSpecification\",\"valueRequired\":true,\"valueName\":\"search_term_string\"}}],\"inLanguage\":\"es\"},{\"@type\":\"Organization\",\"@id\":\"https:\/\/www.bscu.org\/#organization\",\"name\":\"BrightStar Credit Union\",\"url\":\"https:\/\/www.bscu.org\/\",\"logo\":{\"@type\":\"ImageObject\",\"inLanguage\":\"es\",\"@id\":\"https:\/\/www.bscu.org\/#\/schema\/logo\/image\/\",\"url\":\"https:\/\/www.bscu.org\/wp-content\/uploads\/2016\/07\/logo-1.png\",\"contentUrl\":\"https:\/\/www.bscu.org\/wp-content\/uploads\/2016\/07\/logo-1.png\",\"width\":500,\"height\":214,\"caption\":\"BrightStar Credit Union\"},\"image\":{\"@id\":\"https:\/\/www.bscu.org\/#\/schema\/logo\/image\/\"},\"sameAs\":[\"https:\/\/www.facebook.com\/BrightStarCU\/\",\"https:\/\/www.instagram.com\/brightstar.creditunion\/\"]}]}<\/script>\n<!-- \/ Yoast SEO Premium plugin. -->","yoast_head_json":{"title":"Credit Life and Disability Insurance - BrightStar Credit Union","robots":{"index":"index","follow":"follow","max-snippet":"max-snippet:-1","max-image-preview":"max-image-preview:large","max-video-preview":"max-video-preview:-1"},"canonical":"https:\/\/www.bscu.org\/es\/insurance-center\/credit-life-and-disability-insurance\/","og_locale":"es_ES","og_type":"article","og_title":"Credit Life and Disability Insurance","og_url":"https:\/\/www.bscu.org\/es\/insurance-center\/credit-life-and-disability-insurance\/","og_site_name":"BrightStar Credit Union","article_publisher":"https:\/\/www.facebook.com\/BrightStarCU\/","article_modified_time":"2020-06-25T20:49:02+00:00","twitter_card":"summary_large_image","twitter_misc":{"Tiempo de lectura":"3 minutos"},"schema":{"@context":"https:\/\/schema.org","@graph":[{"@type":"WebPage","@id":"https:\/\/www.bscu.org\/insurance-center\/credit-life-and-disability-insurance\/","url":"https:\/\/www.bscu.org\/insurance-center\/credit-life-and-disability-insurance\/","name":"Credit Life and Disability Insurance - BrightStar Credit Union","isPartOf":{"@id":"https:\/\/www.bscu.org\/#website"},"datePublished":"2016-08-31T18:06:42+00:00","dateModified":"2020-06-25T20:49:02+00:00","breadcrumb":{"@id":"https:\/\/www.bscu.org\/insurance-center\/credit-life-and-disability-insurance\/#breadcrumb"},"inLanguage":"es","potentialAction":[{"@type":"ReadAction","target":["https:\/\/www.bscu.org\/insurance-center\/credit-life-and-disability-insurance\/"]}]},{"@type":"BreadcrumbList","@id":"https:\/\/www.bscu.org\/insurance-center\/credit-life-and-disability-insurance\/#breadcrumb","itemListElement":[{"@type":"ListItem","position":1,"name":"Home","item":"https:\/\/www.bscu.org\/"},{"@type":"ListItem","position":2,"name":"Insurance Center","item":"https:\/\/www.bscu.org\/insurance-center\/"},{"@type":"ListItem","position":3,"name":"Credit Life and Disability Insurance"}]},{"@type":"WebSite","@id":"https:\/\/www.bscu.org\/#website","url":"https:\/\/www.bscu.org\/","name":"Cooperativa de cr\u00e9dito BrightStar","description":"Sirviendo a los condados de Broward, Collier, Lee, Martin, Miami-Dade, Palm Beach o St. Lucie, Florida.","publisher":{"@id":"https:\/\/www.bscu.org\/#organization"},"potentialAction":[{"@type":"SearchAction","target":{"@type":"EntryPoint","urlTemplate":"https:\/\/www.bscu.org\/?s={search_term_string}"},"query-input":{"@type":"PropertyValueSpecification","valueRequired":true,"valueName":"search_term_string"}}],"inLanguage":"es"},{"@type":"Organization","@id":"https:\/\/www.bscu.org\/#organization","name":"Cooperativa de cr\u00e9dito BrightStar","url":"https:\/\/www.bscu.org\/","logo":{"@type":"ImageObject","inLanguage":"es","@id":"https:\/\/www.bscu.org\/#\/schema\/logo\/image\/","url":"https:\/\/www.bscu.org\/wp-content\/uploads\/2016\/07\/logo-1.png","contentUrl":"https:\/\/www.bscu.org\/wp-content\/uploads\/2016\/07\/logo-1.png","width":500,"height":214,"caption":"BrightStar Credit Union"},"image":{"@id":"https:\/\/www.bscu.org\/#\/schema\/logo\/image\/"},"sameAs":["https:\/\/www.facebook.com\/BrightStarCU\/","https:\/\/www.instagram.com\/brightstar.creditunion\/"]}]}},"_links":{"self":[{"href":"https:\/\/www.bscu.org\/es\/wp-json\/wp\/v2\/pages\/587","targetHints":{"allow":["GET"]}}],"collection":[{"href":"https:\/\/www.bscu.org\/es\/wp-json\/wp\/v2\/pages"}],"about":[{"href":"https:\/\/www.bscu.org\/es\/wp-json\/wp\/v2\/types\/page"}],"author":[{"embeddable":true,"href":"https:\/\/www.bscu.org\/es\/wp-json\/wp\/v2\/users\/8"}],"replies":[{"embeddable":true,"href":"https:\/\/www.bscu.org\/es\/wp-json\/wp\/v2\/comments?post=587"}],"version-history":[{"count":0,"href":"https:\/\/www.bscu.org\/es\/wp-json\/wp\/v2\/pages\/587\/revisions"}],"up":[{"embeddable":true,"href":"https:\/\/www.bscu.org\/es\/wp-json\/wp\/v2\/pages\/563"}],"wp:attachment":[{"href":"https:\/\/www.bscu.org\/es\/wp-json\/wp\/v2\/media?parent=587"}],"curies":[{"name":"wp","href":"https:\/\/api.w.org\/{rel}","templated":true}]}}