{"id":673,"date":"2016-09-14T20:06:17","date_gmt":"2016-09-14T20:06:17","guid":{"rendered":"http:\/\/192.185.79.221\/~bscu\/?page_id=673"},"modified":"2025-05-08T10:30:56","modified_gmt":"2025-05-08T14:30:56","slug":"cosmo","status":"publish","type":"page","link":"https:\/\/www.bscu.org\/es\/cosmo\/","title":{"rendered":"Club de ni\u00f1os Cosmos"},"content":{"rendered":"<div class=\"wpb-content-wrapper\"><div data-parent=\"true\" class=\"vc_row vc_custom_1473883642375 limit-width row-container\" style=\"padding-bottom: 50px ;\" id=\"row-unique-0\"><div class=\"row row-parent\"><div class=\"wpb_row row-inner\"><div class=\"wpb_column pos-top pos-center align_left column_parent col-lg-12 single-internal-gutter\"><div class=\"uncol style-light\"  ><div class=\"uncoltable\"><div class=\"uncell no-block-padding\" ><div class=\"uncont\" ><div class=\"uncode_text_column\" ><\/div><div class=\"vc_row vc_custom_1473881033871 row-internal row-container\" style=\"padding-right: 50px ;padding-left: 50px ;\"><div class=\"row row-child\"><div class=\"wpb_row row-inner\"><div class=\"wpb_column pos-top pos-right align_left column_child col-lg-8 single-internal-gutter\"><div class=\"uncol style-light\" ><div class=\"uncoltable\"><div class=\"uncell no-block-padding\" ><div class=\"uncont\" ><div class=\"uncode_text_column\" ><\/p>\n<p><img decoding=\"async\" style=\"width: 100%; max-width: 520px; margin-top: 50px; display: inline; vertical-align: top;\" src=\"https:\/\/www.bscu.org\/wp-content\/uploads\/2016\/07\/kids-corner.png\" \/><\/p>\n<h1 style=\"color: #fff;\">\u00a1Hola chicos! Soy Cosmo.<br \/>\n\u00a1Superh\u00e9roe ahorrador!<\/h1>\n<h5 style=\"color: #fff;\">Soy de ICUS (Asociaci\u00f3n Intergal\u00e1ctica de Cooperativas de Cr\u00e9dito) y me he unido a BrightStar Credit Union para ayudarte a empezar a ahorrar. Te invitamos a formar parte del Club Infantil de Cosmo para j\u00f3venes ahorradores de hasta 12 a\u00f1os.<\/h5>\n<p>\n<\/div><\/div><\/div><\/div><\/div><\/div><div class=\"wpb_column pos-bottom pos-center align_left column_child col-lg-4 single-internal-gutter\"><div class=\"uncol style-light\" ><div class=\"uncoltable\"><div class=\"uncell no-block-padding\" ><div class=\"uncont\" ><div class=\"uncode_text_column\" ><p><img decoding=\"async\" style=\"width: 100%; max-width: 300px; display: inline; vertical-align: top;\" src=\"https:\/\/www.bscu.org\/wp-content\/uploads\/2016\/07\/cosmos-mascot-large.png\" \/><\/p>\n<\/div><\/div><\/div><\/div><\/div><\/div><\/div><\/div><\/div><div class=\"vc_row row-internal row-container\"><div class=\"row row-child\"><div class=\"wpb_row row-inner\"><div class=\"wpb_column pos-top pos-center align_left column_child col-lg-8 single-internal-gutter\"><div class=\"uncol style-light\" ><div class=\"uncoltable\"><div class=\"uncell no-block-padding\" ><div class=\"uncont\" ><div class=\"uncode_text_column\" ><\/p>\n<h2 style=\"color: #fff;\">\u00a1Es f\u00e1cil unirse al Club Infantil de Cosmo!<\/h2>\n<p style=\"color: #fff;\">Si ya eres miembro de BrightStar CU y tienes menos de 13 a\u00f1os, est\u00e1s inscrito autom\u00e1ticamente en Cosmo&#039;s Kids Club. \u00a1Simplemente retira una Tarjeta Super Ahorro en tu cajero o representante favorito de BrightStar Credit Union y empieza a ahorrar! Si a\u00fan no eres miembro, visita una de nuestras sucursales para abrir una cuenta Cosmo&#039;s Super Ahorro. \u00a1Es GRATIS!<\/p>\n<p>\n<\/div><\/div><\/div><\/div><\/div><\/div><div class=\"wpb_column pos-top pos-center align_left column_child col-lg-4 single-internal-gutter\"><div class=\"uncol style-light\" ><div class=\"uncoltable\"><div class=\"uncell no-block-padding\" ><div class=\"uncont\" ><div class=\"uncode_text_column\" ><\/p>\n<h4 style=\"color: #fff; line-height: 42px;\">Cada vez que haces<\/h4>\n<p style=\"color: #fff;\">Con un dep\u00f3sito de $5.00 o m\u00e1s, ganar\u00e1s un sello en tu Tarjeta Super Ahorro. \u00a1Re\u00fane cinco sellos y canjea tu tarjeta por los premios que elijas en el cofre del tesoro de Cosmo!<\/p>\n<p>\n<\/div><\/div><\/div><\/div><\/div><\/div><\/div><\/div><\/div><\/div><\/div><\/div><\/div><\/div><script id=\"script-row-unique-0\" data-row=\"script-row-unique-0\" type=\"text\/javascript\" class=\"vc_controls\">UNCODE.initRow(document.getElementById(\"row-unique-0\"));<\/script><\/div><\/div><\/div>\n<\/div>","protected":false},"excerpt":{"rendered":"\u00a1Hola chicos! Soy Cosmo, \u00a1el h\u00e9roe del ahorro! Soy de la ICUS (Asociaci\u00f3n Intergal\u00e1ctica de Cooperativas de Cr\u00e9dito) y estoy trabajando en [...]","protected":false},"author":8,"featured_media":0,"parent":0,"menu_order":15,"comment_status":"closed","ping_status":"closed","template":"","meta":{"footnotes":""},"class_list":["post-673","page","type-page","status-publish","hentry"],"yoast_head":"<!-- This site is optimized with the Yoast SEO Premium plugin v26.4 (Yoast SEO v26.4) - https:\/\/yoast.com\/wordpress\/plugins\/seo\/ -->\n<title>Cosmos Kids Club - BrightStar Credit Union<\/title>\n<meta name=\"robots\" content=\"index, follow, max-snippet:-1, max-image-preview:large, max-video-preview:-1\" \/>\n<link rel=\"canonical\" href=\"https:\/\/www.bscu.org\/es\/cosmo\/\" \/>\n<meta property=\"og:locale\" content=\"es_ES\" \/>\n<meta property=\"og:type\" content=\"article\" \/>\n<meta property=\"og:title\" content=\"Cosmos Kids Club\" \/>\n<meta property=\"og:url\" content=\"https:\/\/www.bscu.org\/es\/cosmo\/\" \/>\n<meta property=\"og:site_name\" content=\"BrightStar Credit Union\" \/>\n<meta property=\"article:publisher\" content=\"https:\/\/www.facebook.com\/BrightStarCU\/\" \/>\n<meta property=\"article:modified_time\" content=\"2025-05-08T14:30:56+00:00\" \/>\n<meta property=\"og:image\" content=\"https:\/\/www.bscu.org\/wp-content\/uploads\/2016\/07\/kids-corner.png\" \/>\n<meta name=\"twitter:card\" content=\"summary_large_image\" \/>\n<meta name=\"twitter:label1\" content=\"Tiempo de lectura\" \/>\n\t<meta name=\"twitter:data1\" content=\"2 minutos\" \/>\n<script type=\"application\/ld+json\" class=\"yoast-schema-graph\">{\"@context\":\"https:\/\/schema.org\",\"@graph\":[{\"@type\":\"WebPage\",\"@id\":\"https:\/\/www.bscu.org\/cosmo\/\",\"url\":\"https:\/\/www.bscu.org\/cosmo\/\",\"name\":\"Cosmos Kids Club - BrightStar Credit Union\",\"isPartOf\":{\"@id\":\"https:\/\/www.bscu.org\/#website\"},\"primaryImageOfPage\":{\"@id\":\"https:\/\/www.bscu.org\/cosmo\/#primaryimage\"},\"image\":{\"@id\":\"https:\/\/www.bscu.org\/cosmo\/#primaryimage\"},\"thumbnailUrl\":\"https:\/\/www.bscu.org\/wp-content\/uploads\/2016\/07\/kids-corner.png\",\"datePublished\":\"2016-09-14T20:06:17+00:00\",\"dateModified\":\"2025-05-08T14:30:56+00:00\",\"breadcrumb\":{\"@id\":\"https:\/\/www.bscu.org\/cosmo\/#breadcrumb\"},\"inLanguage\":\"es\",\"potentialAction\":[{\"@type\":\"ReadAction\",\"target\":[\"https:\/\/www.bscu.org\/cosmo\/\"]}]},{\"@type\":\"ImageObject\",\"inLanguage\":\"es\",\"@id\":\"https:\/\/www.bscu.org\/cosmo\/#primaryimage\",\"url\":\"https:\/\/www.bscu.org\/wp-content\/uploads\/2016\/07\/kids-corner.png\",\"contentUrl\":\"https:\/\/www.bscu.org\/wp-content\/uploads\/2016\/07\/kids-corner.png\"},{\"@type\":\"BreadcrumbList\",\"@id\":\"https:\/\/www.bscu.org\/cosmo\/#breadcrumb\",\"itemListElement\":[{\"@type\":\"ListItem\",\"position\":1,\"name\":\"Home\",\"item\":\"https:\/\/www.bscu.org\/\"},{\"@type\":\"ListItem\",\"position\":2,\"name\":\"Cosmos Kids Club\"}]},{\"@type\":\"WebSite\",\"@id\":\"https:\/\/www.bscu.org\/#website\",\"url\":\"https:\/\/www.bscu.org\/\",\"name\":\"BrightStar Credit Union\",\"description\":\"Serving  Broward, Collier, Lee, Martin, Miami-Dade, Palm Beach or St. Lucie Counties, Florida.\",\"publisher\":{\"@id\":\"https:\/\/www.bscu.org\/#organization\"},\"potentialAction\":[{\"@type\":\"SearchAction\",\"target\":{\"@type\":\"EntryPoint\",\"urlTemplate\":\"https:\/\/www.bscu.org\/?s={search_term_string}\"},\"query-input\":{\"@type\":\"PropertyValueSpecification\",\"valueRequired\":true,\"valueName\":\"search_term_string\"}}],\"inLanguage\":\"es\"},{\"@type\":\"Organization\",\"@id\":\"https:\/\/www.bscu.org\/#organization\",\"name\":\"BrightStar Credit Union\",\"url\":\"https:\/\/www.bscu.org\/\",\"logo\":{\"@type\":\"ImageObject\",\"inLanguage\":\"es\",\"@id\":\"https:\/\/www.bscu.org\/#\/schema\/logo\/image\/\",\"url\":\"https:\/\/www.bscu.org\/wp-content\/uploads\/2016\/07\/logo-1.png\",\"contentUrl\":\"https:\/\/www.bscu.org\/wp-content\/uploads\/2016\/07\/logo-1.png\",\"width\":500,\"height\":214,\"caption\":\"BrightStar Credit Union\"},\"image\":{\"@id\":\"https:\/\/www.bscu.org\/#\/schema\/logo\/image\/\"},\"sameAs\":[\"https:\/\/www.facebook.com\/BrightStarCU\/\",\"https:\/\/www.instagram.com\/brightstar.creditunion\/\"]}]}<\/script>\n<!-- \/ Yoast SEO Premium plugin. -->","yoast_head_json":{"title":"Club Infantil Cosmos - Cooperativa de Cr\u00e9dito BrightStar","robots":{"index":"index","follow":"follow","max-snippet":"max-snippet:-1","max-image-preview":"max-image-preview:large","max-video-preview":"max-video-preview:-1"},"canonical":"https:\/\/www.bscu.org\/es\/cosmo\/","og_locale":"es_ES","og_type":"article","og_title":"Cosmos Kids Club","og_url":"https:\/\/www.bscu.org\/es\/cosmo\/","og_site_name":"BrightStar Credit Union","article_publisher":"https:\/\/www.facebook.com\/BrightStarCU\/","article_modified_time":"2025-05-08T14:30:56+00:00","og_image":[{"url":"https:\/\/www.bscu.org\/wp-content\/uploads\/2016\/07\/kids-corner.png","type":"","width":"","height":""}],"twitter_card":"summary_large_image","twitter_misc":{"Tiempo de lectura":"2 minutos"},"schema":{"@context":"https:\/\/schema.org","@graph":[{"@type":"WebPage","@id":"https:\/\/www.bscu.org\/cosmo\/","url":"https:\/\/www.bscu.org\/cosmo\/","name":"Club Infantil Cosmos - Cooperativa de Cr\u00e9dito BrightStar","isPartOf":{"@id":"https:\/\/www.bscu.org\/#website"},"primaryImageOfPage":{"@id":"https:\/\/www.bscu.org\/cosmo\/#primaryimage"},"image":{"@id":"https:\/\/www.bscu.org\/cosmo\/#primaryimage"},"thumbnailUrl":"https:\/\/www.bscu.org\/wp-content\/uploads\/2016\/07\/kids-corner.png","datePublished":"2016-09-14T20:06:17+00:00","dateModified":"2025-05-08T14:30:56+00:00","breadcrumb":{"@id":"https:\/\/www.bscu.org\/cosmo\/#breadcrumb"},"inLanguage":"es","potentialAction":[{"@type":"ReadAction","target":["https:\/\/www.bscu.org\/cosmo\/"]}]},{"@type":"ImageObject","inLanguage":"es","@id":"https:\/\/www.bscu.org\/cosmo\/#primaryimage","url":"https:\/\/www.bscu.org\/wp-content\/uploads\/2016\/07\/kids-corner.png","contentUrl":"https:\/\/www.bscu.org\/wp-content\/uploads\/2016\/07\/kids-corner.png"},{"@type":"BreadcrumbList","@id":"https:\/\/www.bscu.org\/cosmo\/#breadcrumb","itemListElement":[{"@type":"ListItem","position":1,"name":"Home","item":"https:\/\/www.bscu.org\/"},{"@type":"ListItem","position":2,"name":"Cosmos Kids Club"}]},{"@type":"WebSite","@id":"https:\/\/www.bscu.org\/#website","url":"https:\/\/www.bscu.org\/","name":"Cooperativa de cr\u00e9dito BrightStar","description":"Sirviendo a los condados de Broward, Collier, Lee, Martin, Miami-Dade, Palm Beach o St. Lucie, Florida.","publisher":{"@id":"https:\/\/www.bscu.org\/#organization"},"potentialAction":[{"@type":"SearchAction","target":{"@type":"EntryPoint","urlTemplate":"https:\/\/www.bscu.org\/?s={search_term_string}"},"query-input":{"@type":"PropertyValueSpecification","valueRequired":true,"valueName":"search_term_string"}}],"inLanguage":"es"},{"@type":"Organization","@id":"https:\/\/www.bscu.org\/#organization","name":"Cooperativa de cr\u00e9dito BrightStar","url":"https:\/\/www.bscu.org\/","logo":{"@type":"ImageObject","inLanguage":"es","@id":"https:\/\/www.bscu.org\/#\/schema\/logo\/image\/","url":"https:\/\/www.bscu.org\/wp-content\/uploads\/2016\/07\/logo-1.png","contentUrl":"https:\/\/www.bscu.org\/wp-content\/uploads\/2016\/07\/logo-1.png","width":500,"height":214,"caption":"BrightStar Credit Union"},"image":{"@id":"https:\/\/www.bscu.org\/#\/schema\/logo\/image\/"},"sameAs":["https:\/\/www.facebook.com\/BrightStarCU\/","https:\/\/www.instagram.com\/brightstar.creditunion\/"]}]}},"_links":{"self":[{"href":"https:\/\/www.bscu.org\/es\/wp-json\/wp\/v2\/pages\/673","targetHints":{"allow":["GET"]}}],"collection":[{"href":"https:\/\/www.bscu.org\/es\/wp-json\/wp\/v2\/pages"}],"about":[{"href":"https:\/\/www.bscu.org\/es\/wp-json\/wp\/v2\/types\/page"}],"author":[{"embeddable":true,"href":"https:\/\/www.bscu.org\/es\/wp-json\/wp\/v2\/users\/8"}],"replies":[{"embeddable":true,"href":"https:\/\/www.bscu.org\/es\/wp-json\/wp\/v2\/comments?post=673"}],"version-history":[{"count":1,"href":"https:\/\/www.bscu.org\/es\/wp-json\/wp\/v2\/pages\/673\/revisions"}],"predecessor-version":[{"id":17708,"href":"https:\/\/www.bscu.org\/es\/wp-json\/wp\/v2\/pages\/673\/revisions\/17708"}],"wp:attachment":[{"href":"https:\/\/www.bscu.org\/es\/wp-json\/wp\/v2\/media?parent=673"}],"curies":[{"name":"wp","href":"https:\/\/api.w.org\/{rel}","templated":true}]}}